{"id":30765,"date":"2016-11-29T18:17:04","date_gmt":"2016-11-29T17:17:04","guid":{"rendered":"http:\/\/eco-sistems.com\/?page_id=30765"},"modified":"2017-04-04T12:00:59","modified_gmt":"2017-04-04T10:00:59","slug":"merci","status":"publish","type":"page","link":"https:\/\/eco-sistems.com\/fr\/merci\/","title":{"rendered":"Merci"},"content":{"rendered":"<div class=\"wpb-content-wrapper\"><p>[vc_row margin_top=\u00a0\u00bb50px\u00a0\u00bb full_width_row=\u00a0\u00bbtrue\u00a0\u00bb][vc_column][vc_column_text css_animation=\u00a0\u00bbzoomIn\u00a0\u00bb]<\/p>\n<h2 class=\"p1\" style=\"text-align: center; font-size: 300%; font-color: #10a6de;\"><span class=\"s1\"><b>Merci pour nous contacter.<\/b><\/span><b>\u00a0<\/b><\/h2>\n<p>[\/vc_column_text][vc_column_text css_animation=\u00a0\u00bbzoomIn\u00a0\u00bb]<\/p>\n<h3 class=\"p1\" style=\"text-align: center; font-size: 150%; font-color: #000000;\"><span style=\"color: #333333;\"><span class=\"s1\">Votre demande a \u00e9t\u00e9 soumise, nous vous r\u00e9pondrons rapidement<\/span>\u00a0<\/span><\/h3>\n<p>[\/vc_column_text][vc_single_image image=\u00a0\u00bb29230&Prime; img_size=\u00a0\u00bbmedium\u00a0\u00bb alignment=\u00a0\u00bbcenter\u00a0\u00bb css_animation=\u00a0\u00bbbounce\u00a0\u00bb][vc_separator color=\u00a0\u00bbwhite\u00a0\u00bb][\/vc_column][\/vc_row][vc_row][vc_column][vc_separator color=\u00a0\u00bbwhite\u00a0\u00bb][vc_column_text css_animation=\u00a0\u00bbfadeInDown\u00a0\u00bb]<\/p>\n<h2 style=\"text-align: center; font-size: 300%; font-color: #10a6de;\"><strong>Pendant ce temps, regardez<\/strong><\/h2>\n<p>[\/vc_column_text][vc_separator color=\u00a0\u00bbwhite\u00a0\u00bb][\/vc_column][\/vc_row]<\/p>\n<\/div>","protected":false},"excerpt":{"rendered":"<p>[vc_row margin_top=\u00a0\u00bb50px\u00a0\u00bb full_width_row=\u00a0\u00bbtrue\u00a0\u00bb][vc_column][vc_column_text css_animation=\u00a0\u00bbzoomIn\u00a0\u00bb] Merci pour nous contacter.\u00a0 [\/vc_column_text][vc_column_text css_animation=\u00a0\u00bbzoomIn\u00a0\u00bb] Votre demande a \u00e9t\u00e9 soumise, nous vous r\u00e9pondrons rapidement\u00a0 [\/vc_column_text][vc_single_image image=\u00a0\u00bb29230&Prime; img_size=\u00a0\u00bbmedium\u00a0\u00bb alignment=\u00a0\u00bbcenter\u00a0\u00bb css_animation=\u00a0\u00bbbounce\u00a0\u00bb][vc_separator color=\u00a0\u00bbwhite\u00a0\u00bb][\/vc_column][\/vc_row][vc_row][vc_column][vc_separator color=\u00a0\u00bbwhite\u00a0\u00bb][vc_column_text css_animation=\u00a0\u00bbfadeInDown\u00a0\u00bb] Pendant ce temps, regardez [\/vc_column_text][vc_separator color=\u00a0\u00bbwhite\u00a0\u00bb][\/vc_column][\/vc_row]<\/p>\n","protected":false},"author":1,"featured_media":0,"parent":0,"menu_order":0,"comment_status":"closed","ping_status":"closed","template":"","meta":{"footnotes":""},"class_list":["post-30765","page","type-page","status-publish","hentry","description-off"],"yoast_head":"<!-- This site is optimized with the Yoast SEO plugin v27.3 - https:\/\/yoast.com\/product\/yoast-seo-wordpress\/ -->\n<title>Merci &#8212; Eco-Sistems<\/title>\n<meta name=\"robots\" content=\"index, follow, max-snippet:-1, max-image-preview:large, max-video-preview:-1\" \/>\n<link rel=\"canonical\" href=\"https:\/\/eco-sistems.com\/fr\/merci\/\" \/>\n<meta property=\"og:locale\" content=\"fr_FR\" \/>\n<meta property=\"og:type\" content=\"article\" \/>\n<meta property=\"og:title\" content=\"Merci &#8212; Eco-Sistems\" \/>\n<meta property=\"og:description\" content=\"[vc_row margin_top=\u00a0\u00bb50px\u00a0\u00bb full_width_row=\u00a0\u00bbtrue\u00a0\u00bb][vc_column][vc_column_text css_animation=\u00a0\u00bbzoomIn\u00a0\u00bb] Merci pour nous contacter.\u00a0 [\/vc_column_text][vc_column_text css_animation=\u00a0\u00bbzoomIn\u00a0\u00bb] Votre demande a \u00e9t\u00e9 soumise, nous vous r\u00e9pondrons rapidement\u00a0 [\/vc_column_text][vc_single_image image=\u00a0\u00bb29230&Prime; img_size=\u00a0\u00bbmedium\u00a0\u00bb alignment=\u00a0\u00bbcenter\u00a0\u00bb css_animation=\u00a0\u00bbbounce\u00a0\u00bb][vc_separator color=\u00a0\u00bbwhite\u00a0\u00bb][\/vc_column][\/vc_row][vc_row][vc_column][vc_separator color=\u00a0\u00bbwhite\u00a0\u00bb][vc_column_text css_animation=\u00a0\u00bbfadeInDown\u00a0\u00bb] Pendant ce temps, regardez [\/vc_column_text][vc_separator color=\u00a0\u00bbwhite\u00a0\u00bb][\/vc_column][\/vc_row]\" \/>\n<meta property=\"og:url\" content=\"https:\/\/eco-sistems.com\/fr\/merci\/\" \/>\n<meta property=\"og:site_name\" content=\"Eco-Sistems\" \/>\n<meta property=\"article:publisher\" content=\"https:\/\/www.facebook.com\/watermaker.eco\/\" \/>\n<meta property=\"article:modified_time\" content=\"2017-04-04T10:00:59+00:00\" \/>\n<meta name=\"twitter:card\" content=\"summary_large_image\" \/>\n<meta name=\"twitter:label1\" content=\"Dur\u00e9e de lecture estim\u00e9e\" \/>\n\t<meta name=\"twitter:data1\" content=\"1 minute\" \/>\n<script type=\"application\/ld+json\" class=\"yoast-schema-graph\">{\"@context\":\"https:\\\/\\\/schema.org\",\"@graph\":[{\"@type\":\"WebPage\",\"@id\":\"https:\\\/\\\/eco-sistems.com\\\/fr\\\/merci\\\/\",\"url\":\"https:\\\/\\\/eco-sistems.com\\\/fr\\\/merci\\\/\",\"name\":\"Merci &#8212; Eco-Sistems\",\"isPartOf\":{\"@id\":\"https:\\\/\\\/eco-sistems.com\\\/fr\\\/#website\"},\"datePublished\":\"2016-11-29T17:17:04+00:00\",\"dateModified\":\"2017-04-04T10:00:59+00:00\",\"breadcrumb\":{\"@id\":\"https:\\\/\\\/eco-sistems.com\\\/fr\\\/merci\\\/#breadcrumb\"},\"inLanguage\":\"fr-FR\",\"potentialAction\":[{\"@type\":\"ReadAction\",\"target\":[\"https:\\\/\\\/eco-sistems.com\\\/fr\\\/merci\\\/\"]}]},{\"@type\":\"BreadcrumbList\",\"@id\":\"https:\\\/\\\/eco-sistems.com\\\/fr\\\/merci\\\/#breadcrumb\",\"itemListElement\":[{\"@type\":\"ListItem\",\"position\":1,\"name\":\"Portada\",\"item\":\"https:\\\/\\\/eco-sistems.com\\\/fr\\\/\"},{\"@type\":\"ListItem\",\"position\":2,\"name\":\"Merci\"}]},{\"@type\":\"WebSite\",\"@id\":\"https:\\\/\\\/eco-sistems.com\\\/fr\\\/#website\",\"url\":\"https:\\\/\\\/eco-sistems.com\\\/fr\\\/\",\"name\":\"Eco-Sistems\",\"description\":\"Eco-Sistems Watermakers\",\"potentialAction\":[{\"@type\":\"SearchAction\",\"target\":{\"@type\":\"EntryPoint\",\"urlTemplate\":\"https:\\\/\\\/eco-sistems.com\\\/fr\\\/?s={search_term_string}\"},\"query-input\":{\"@type\":\"PropertyValueSpecification\",\"valueRequired\":true,\"valueName\":\"search_term_string\"}}],\"inLanguage\":\"fr-FR\"}]}<\/script>\n<!-- \/ Yoast SEO plugin. -->","yoast_head_json":{"title":"Merci &#8212; Eco-Sistems","robots":{"index":"index","follow":"follow","max-snippet":"max-snippet:-1","max-image-preview":"max-image-preview:large","max-video-preview":"max-video-preview:-1"},"canonical":"https:\/\/eco-sistems.com\/fr\/merci\/","og_locale":"fr_FR","og_type":"article","og_title":"Merci &#8212; Eco-Sistems","og_description":"[vc_row margin_top=\u00a0\u00bb50px\u00a0\u00bb full_width_row=\u00a0\u00bbtrue\u00a0\u00bb][vc_column][vc_column_text css_animation=\u00a0\u00bbzoomIn\u00a0\u00bb] Merci pour nous contacter.\u00a0 [\/vc_column_text][vc_column_text css_animation=\u00a0\u00bbzoomIn\u00a0\u00bb] Votre demande a \u00e9t\u00e9 soumise, nous vous r\u00e9pondrons rapidement\u00a0 [\/vc_column_text][vc_single_image image=\u00a0\u00bb29230&Prime; img_size=\u00a0\u00bbmedium\u00a0\u00bb alignment=\u00a0\u00bbcenter\u00a0\u00bb css_animation=\u00a0\u00bbbounce\u00a0\u00bb][vc_separator color=\u00a0\u00bbwhite\u00a0\u00bb][\/vc_column][\/vc_row][vc_row][vc_column][vc_separator color=\u00a0\u00bbwhite\u00a0\u00bb][vc_column_text css_animation=\u00a0\u00bbfadeInDown\u00a0\u00bb] Pendant ce temps, regardez [\/vc_column_text][vc_separator color=\u00a0\u00bbwhite\u00a0\u00bb][\/vc_column][\/vc_row]","og_url":"https:\/\/eco-sistems.com\/fr\/merci\/","og_site_name":"Eco-Sistems","article_publisher":"https:\/\/www.facebook.com\/watermaker.eco\/","article_modified_time":"2017-04-04T10:00:59+00:00","twitter_card":"summary_large_image","twitter_misc":{"Dur\u00e9e de lecture estim\u00e9e":"1 minute"},"schema":{"@context":"https:\/\/schema.org","@graph":[{"@type":"WebPage","@id":"https:\/\/eco-sistems.com\/fr\/merci\/","url":"https:\/\/eco-sistems.com\/fr\/merci\/","name":"Merci &#8212; Eco-Sistems","isPartOf":{"@id":"https:\/\/eco-sistems.com\/fr\/#website"},"datePublished":"2016-11-29T17:17:04+00:00","dateModified":"2017-04-04T10:00:59+00:00","breadcrumb":{"@id":"https:\/\/eco-sistems.com\/fr\/merci\/#breadcrumb"},"inLanguage":"fr-FR","potentialAction":[{"@type":"ReadAction","target":["https:\/\/eco-sistems.com\/fr\/merci\/"]}]},{"@type":"BreadcrumbList","@id":"https:\/\/eco-sistems.com\/fr\/merci\/#breadcrumb","itemListElement":[{"@type":"ListItem","position":1,"name":"Portada","item":"https:\/\/eco-sistems.com\/fr\/"},{"@type":"ListItem","position":2,"name":"Merci"}]},{"@type":"WebSite","@id":"https:\/\/eco-sistems.com\/fr\/#website","url":"https:\/\/eco-sistems.com\/fr\/","name":"Eco-Sistems","description":"Eco-Sistems Watermakers","potentialAction":[{"@type":"SearchAction","target":{"@type":"EntryPoint","urlTemplate":"https:\/\/eco-sistems.com\/fr\/?s={search_term_string}"},"query-input":{"@type":"PropertyValueSpecification","valueRequired":true,"valueName":"search_term_string"}}],"inLanguage":"fr-FR"}]}},"_links":{"self":[{"href":"https:\/\/eco-sistems.com\/fr\/wp-json\/wp\/v2\/pages\/30765","targetHints":{"allow":["GET"]}}],"collection":[{"href":"https:\/\/eco-sistems.com\/fr\/wp-json\/wp\/v2\/pages"}],"about":[{"href":"https:\/\/eco-sistems.com\/fr\/wp-json\/wp\/v2\/types\/page"}],"author":[{"embeddable":true,"href":"https:\/\/eco-sistems.com\/fr\/wp-json\/wp\/v2\/users\/1"}],"replies":[{"embeddable":true,"href":"https:\/\/eco-sistems.com\/fr\/wp-json\/wp\/v2\/comments?post=30765"}],"version-history":[{"count":5,"href":"https:\/\/eco-sistems.com\/fr\/wp-json\/wp\/v2\/pages\/30765\/revisions"}],"predecessor-version":[{"id":31720,"href":"https:\/\/eco-sistems.com\/fr\/wp-json\/wp\/v2\/pages\/30765\/revisions\/31720"}],"wp:attachment":[{"href":"https:\/\/eco-sistems.com\/fr\/wp-json\/wp\/v2\/media?parent=30765"}],"curies":[{"name":"wp","href":"https:\/\/api.w.org\/{rel}","templated":true}]}}