{"id":30928,"date":"2016-09-28T14:09:22","date_gmt":"2016-09-28T12:09:22","guid":{"rendered":"http:\/\/eco-sistems.com\/?page_id=30928"},"modified":"2017-07-03T09:50:14","modified_gmt":"2017-07-03T07:50:14","slug":"dessalinisateur-de-leau-de-mer-200-300","status":"publish","type":"page","link":"https:\/\/eco-sistems.com\/fr\/dessalinisateur-de-leau-de-mer-200-300\/","title":{"rendered":"S\u00e9rie Efficient 200\/300"},"content":{"rendered":"<div class=\"wpb-content-wrapper\"><p>[vc_row type=\u00a0\u00bbvc_default\u00a0\u00bb full_width=\u00a0\u00bbstretch_row\u00a0\u00bb parallax=\u00a0\u00bbcontent-moving\u00a0\u00bb parallax_speed_bg=\u00a0\u00bb1&Prime;][vc_column][vc_row_inner][vc_column_inner][vc_column_text css_animation=\u00a0\u00bbfadeIn\u00a0\u00bb]<\/p>\n<h2>Application de la pompe rotative Efficient, avec la technologie plus avanc\u00e9e dans <strong>Eco-Sistems Watermakers.<\/strong> Production: 200 y 300 litres par heure.<\/h2>\n<h2>\u00c0 partir de 16490 \u20ac (hors taxes)<\/h2>\n<p>[\/vc_column_text][vc_btn title=\u00a0\u00bbDemander devis\u00a0\u00bb style=\u00a0\u00bbgradient-custom\u00a0\u00bb gradient_custom_color_1=\u00a0\u00bb#8abd24&Prime; gradient_custom_color_2=\u00a0\u00bb#10a6de\u00a0\u00bb css_animation=\u00a0\u00bbappear\u00a0\u00bb link=\u00a0\u00bburl:http%3A%2F%2Feco-sistems.com%2Fcontacte%2F%3Flang%3Dfr|||\u00a0\u00bb][\/vc_column_inner][\/vc_row_inner][vc_separator css=\u00a0\u00bb.vc_custom_1475000217285{margin-top: 25px !important;}\u00a0\u00bb][vc_row_inner gap=\u00a0\u00bb20&Prime;][vc_column_inner width=\u00a0\u00bb1\/2&Prime;][vc_column_text css_animation=\u00a0\u00bbfadeInLeft\u00a0\u00bb]EFFICIENT utilise la nouvelle <strong>pompe rotative<\/strong> EFFICIENT, qui peut produire de 200 \u00e0 300 litres <strong>d&rsquo;eau potable par heure<\/strong>. <strong>Cette gamme de dessalinisateurs d&rsquo;eau de mer<\/strong> compte avec elle un syst\u00e8me innovateur de <strong>r\u00e9cup\u00e9ration d&rsquo;\u00e9nergie<\/strong>, qui r\u00e9duit consid\u00e9rablement la consommation \u00e9lectrique.<\/p>\n<p>Les mod\u00e8les de la s\u00e9rie comptent sur le niveau \u00e9lev\u00e9 d&rsquo;automatisation du processus de <strong>potabilisation de l&rsquo;eau<\/strong> et un m\u00e9canisme de pistons et salinit\u00e9 (entre d&rsquo;autres facteurs), qui assurent un fonctionnement autor\u00e9gul\u00e9 efficace.<\/p>\n<p><strong>Les dessalinisateurs d&rsquo;eau de mer<\/strong> EFFICIENT se composent d\u00b4une structure compacte. Les membranes, la pompe de haute pression, les valves de distribution et les contr\u00f4les s\u00b4int\u00e8grent dans une m\u00eame unit\u00e9. Pour faciliter le montage, les pr\u00e9filtres et la pompe d&rsquo;alimentation sont livres de mani\u00e8re s\u00e9par\u00e9e.<\/p>\n<p>Bien que le degr\u00e9 d&rsquo;automatisation du syst\u00e8me soit notable, activez le fonctionnement en mode manuel est tr\u00e8s simple.[\/vc_column_text][\/vc_column_inner][vc_column_inner width=\u00a0\u00bb1\/2&Prime;][vc_column_text css_animation=\u00a0\u00bbfadeInRight\u00a0\u00bb]Le syst\u00e8me est contr\u00f4l\u00e9 \u00e0 travers un panneau num\u00e9rique, qui inclut un \u00e9cran LCD qui affiche continuellement les param\u00e8tres en fonctionnement (pression, caudales, salinit\u00e9, etc.) pr\u00e9sentes \u00e0 l&rsquo;utilisateur.<\/p>\n<p>La configuration du syst\u00e8me peut comporter, en option, un panneau de contr\u00f4le \u00e0 distance. Autres caract\u00e9ristiques remarquables:<\/p>\n<p>&gt; Dimensions r\u00e9duites pour le niveau de production.<\/p>\n<p>&gt; Utilisation de nouvelles membranes d&rsquo;osmoses invers\u00e9e de haut rendement et de nouveaux conteneurs d&rsquo;acier inoxydable de haute qualit\u00e9.<\/p>\n<p>&gt; Syst\u00e8me de lavage (eau douce) automatique et programmable de fa\u00e7on hebdomadaire.<\/p>\n<p>En application maritime, les dessalinisateurs EFFICIENT ont \u00e9t\u00e9 con\u00e7us pour leur utilisation en embarcations dot\u00e9es de g\u00e9n\u00e9rateur d&rsquo;AC et de taille comprises entre les 16 et 25 m\u00e8tres.[\/vc_column_text][\/vc_column_inner][\/vc_row_inner][\/vc_column][\/vc_row][vc_row type=\u00a0\u00bbvc_default\u00a0\u00bb][vc_column]<div class=\"woocommerce columns-3 \"><div class=\"wf-container dt-products  woo-hover products loading-effect-fade-in description-on-hover cart-btn-on-img wc-img-hover hide-description wc-grid\" data-padding=\"0px\" data-cur-page=\"1\" data-desktop-columns-num=\"4\" data-v-tablet-columns-num=\"2\" data-h-tablet-columns-num=\"3\" data-phone-columns-num=\"1\">\n\n<article class=\"post visible description-off product type-product post-30687 status-publish first instock product_cat-30-litres product_cat-splash-fr has-post-thumbnail taxable shipping-taxable product-type-simple\">\n\n\t<figure class=\"woocom-project\">\n\t<div class=\"woo-buttons-on-img\">\n\n\t\t<a href=\"https:\/\/eco-sistems.com\/fr\/producto\/splash-30se\/\" class=\"alignnone layzr-bg\"><img loading=\"lazy\" decoding=\"async\" width=\"600\" height=\"600\" src=\"data:image\/svg+xml;charset=utf-8,%3Csvg xmlns%3D&#039;http%3A%2F%2Fwww.w3.org%2F2000%2Fsvg&#039; viewBox%3D&#039;0 0 600 600&#039;%2F%3E\" class=\"attachment-woocommerce_thumbnail size-woocommerce_thumbnail lazy-load preload-me\" alt=\"SPLASH-30 SE\" data-src=\"https:\/\/eco-sistems.com\/wp-content\/uploads\/2026\/03\/Splash-30-high-pressure-unit-600x600.webp\" data-srcset=\"https:\/\/eco-sistems.com\/wp-content\/uploads\/2026\/03\/Splash-30-high-pressure-unit-600x600.webp 600w, https:\/\/eco-sistems.com\/wp-content\/uploads\/2026\/03\/Splash-30-high-pressure-unit-200x200.webp 200w, https:\/\/eco-sistems.com\/wp-content\/uploads\/2026\/03\/Splash-30-high-pressure-unit-150x150.webp 150w\" \/><img loading=\"lazy\" decoding=\"async\" width=\"600\" height=\"600\" src=\"data:image\/svg+xml;charset=utf-8,%3Csvg xmlns%3D&#039;http%3A%2F%2Fwww.w3.org%2F2000%2Fsvg&#039; viewBox%3D&#039;0 0 600 600&#039;%2F%3E\" class=\"show-on-hover back-image lazy-load preload-me\" alt=\"\" data-src=\"https:\/\/eco-sistems.com\/wp-content\/uploads\/2026\/03\/Splash-30-complete-600x600.webp\" data-srcset=\"https:\/\/eco-sistems.com\/wp-content\/uploads\/2026\/03\/Splash-30-complete-600x600.webp 600w, https:\/\/eco-sistems.com\/wp-content\/uploads\/2026\/03\/Splash-30-complete-200x200.webp 200w, https:\/\/eco-sistems.com\/wp-content\/uploads\/2026\/03\/Splash-30-complete-150x150.webp 150w\" \/><\/a>\n\t<\/div>\n\t<figcaption class=\"woocom-list-content\">\n\n\t\t<div class=\"woocommerce-product-details__short-description\">\n\t<p>La gamme SPLASH offre deux mod\u00e8les avec les m\u00eames dimensions, un mod\u00e8le de 25 l\/h Basic sans \u00e9lectronique et un autre de 30 l\/h Standard avec \u00e9lectronique.<\/p>\n<p>Ces dessalinisateurs sont les plus petits de leur cat\u00e9gorie, sur le march\u00e9 actuel, ils sont \u00e9quip\u00e9s d\u2019indicateurs hydrauliques (d\u00e9bitm\u00e8tre, manom\u00e8tres de haute et basse pression). Ils sont tr\u00e8s faciles \u00e0 installer avec leur <strong>membrane int\u00e9gr\u00e9e \u00e0 la pompe de haute <\/strong>pression qui r\u00e9duit les fuites d&rsquo;\u00e9nergie. Con\u00e7u pour potabiliser suffisamment d\u2019eau pour couvrir les n\u00e9cessit\u00e9s basiques d\u2019eau \u00e0 bord avec un syst\u00e8me de <strong>r\u00e9cup\u00e9ration d\u2019\u00e9nergie qui permet d\u2019\u00e9conomiser jusqu\u2019\u00e0 80 % d\u2019\u00e9lectricit\u00e9.<\/strong><\/p>\n<p>Notre bestseller pour des bateaux qui veulent un peu plus de libert\u00e9 !<\/p>\n<a href=\"https:\/\/eco-sistems.com\/fr\/contacte\/\" class=\"btn-shortcode dt-btn-m dt-btn default-btn-color default-btn-hover-color default-btn-bg-color default-btn-bg-hover-color fadeIn animate-element animation-builder\" id=\"dt-btn-1\"><i class=\"fa fa-chevron-circle-right\"><\/i><span>Demander un devis<\/span><\/a>\n<\/div>\n\n\t<\/figcaption>\n<\/figure>\n\n<\/article>\n\n\n\n<article class=\"post visible description-off product type-product post-30686 status-publish instock product_cat-25-litres-fr product_cat-splash-fr has-post-thumbnail taxable shipping-taxable product-type-simple\">\n\n\t<figure class=\"woocom-project\">\n\t<div class=\"woo-buttons-on-img\">\n\n\t\t<a href=\"https:\/\/eco-sistems.com\/fr\/producto\/splash-25\/\" class=\"alignnone layzr-bg\"><img loading=\"lazy\" decoding=\"async\" width=\"600\" height=\"600\" src=\"data:image\/svg+xml;charset=utf-8,%3Csvg xmlns%3D&#039;http%3A%2F%2Fwww.w3.org%2F2000%2Fsvg&#039; viewBox%3D&#039;0 0 600 600&#039;%2F%3E\" class=\"attachment-woocommerce_thumbnail size-woocommerce_thumbnail lazy-load preload-me\" alt=\"SPLASH-25\" data-src=\"https:\/\/eco-sistems.com\/wp-content\/uploads\/2026\/03\/Splash-25-High-pressure-unit-600x600.webp\" data-srcset=\"https:\/\/eco-sistems.com\/wp-content\/uploads\/2026\/03\/Splash-25-High-pressure-unit-600x600.webp 600w, https:\/\/eco-sistems.com\/wp-content\/uploads\/2026\/03\/Splash-25-High-pressure-unit-200x200.webp 200w, https:\/\/eco-sistems.com\/wp-content\/uploads\/2026\/03\/Splash-25-High-pressure-unit-150x150.webp 150w\" \/><img loading=\"lazy\" decoding=\"async\" width=\"600\" height=\"600\" src=\"data:image\/svg+xml;charset=utf-8,%3Csvg xmlns%3D&#039;http%3A%2F%2Fwww.w3.org%2F2000%2Fsvg&#039; viewBox%3D&#039;0 0 600 600&#039;%2F%3E\" class=\"show-on-hover back-image lazy-load preload-me\" alt=\"\" data-src=\"https:\/\/eco-sistems.com\/wp-content\/uploads\/2026\/03\/Splash-25-complete-600x600.webp\" data-srcset=\"https:\/\/eco-sistems.com\/wp-content\/uploads\/2026\/03\/Splash-25-complete-600x600.webp 600w, https:\/\/eco-sistems.com\/wp-content\/uploads\/2026\/03\/Splash-25-complete-200x200.webp 200w, https:\/\/eco-sistems.com\/wp-content\/uploads\/2026\/03\/Splash-25-complete-150x150.webp 150w\" \/><\/a>\n\t<\/div>\n\t<figcaption class=\"woocom-list-content\">\n\n\t\t<div class=\"woocommerce-product-details__short-description\">\n\t<p>La gamme SPLASH offre deux mod\u00e8les avec les m\u00eames dimensions, un mod\u00e8le de 25 l\/h Basic sans \u00e9lectronique et un autre de 30 l\/h Standard avec \u00e9lectronique.<\/p>\n<p>Ces dessalinisateurs sont les plus petits de leur cat\u00e9gorie, sur le march\u00e9 actuel, ils sont \u00e9quip\u00e9s d\u2019indicateurs hydrauliques (d\u00e9bitm\u00e8tre, manom\u00e8tres de haute et basse pression). Ils sont tr\u00e8s faciles \u00e0 installer avec leur <strong>membrane int\u00e9gr\u00e9e \u00e0 la pompe de haute <\/strong>pression qui r\u00e9duit les fuites d&rsquo;\u00e9nergie. Con\u00e7u pour potabiliser suffisamment d\u2019eau pour couvrir les n\u00e9cessit\u00e9s basiques d\u2019eau \u00e0 bord avec un syst\u00e8me de <strong>r\u00e9cup\u00e9ration d\u2019\u00e9nergie qui permet d\u2019\u00e9conomiser jusqu\u2019\u00e0 80 % d\u2019\u00e9lectricit\u00e9.<\/strong><\/p>\n<p>Notre bestseller pour des bateaux qui veulent un peu plus de libert\u00e9 !<\/p>\n<a href=\"https:\/\/eco-sistems.com\/fr\/contacte\/\" class=\"btn-shortcode dt-btn-m dt-btn default-btn-color default-btn-hover-color default-btn-bg-color default-btn-bg-hover-color fadeIn animate-element animation-builder\" id=\"dt-btn-2\"><i class=\"fa fa-chevron-circle-right\"><\/i><span>Demander devis<\/span><\/a>\n<\/div>\n\n\t<\/figcaption>\n<\/figure>\n\n<\/article>\n\n<\/div><\/div>[\/vc_column][\/vc_row]<\/p>\n<\/div>","protected":false},"excerpt":{"rendered":"<p>[vc_row type=\u00a0\u00bbvc_default\u00a0\u00bb full_width=\u00a0\u00bbstretch_row\u00a0\u00bb parallax=\u00a0\u00bbcontent-moving\u00a0\u00bb parallax_speed_bg=\u00a0\u00bb1&Prime;][vc_column][vc_row_inner][vc_column_inner][vc_column_text css_animation=\u00a0\u00bbfadeIn\u00a0\u00bb] Application de la pompe rotative Efficient, avec la technologie plus avanc\u00e9e dans Eco-Sistems Watermakers. Production: 200 y 300 litres par heure. \u00c0 partir de 16490 \u20ac (hors taxes) [\/vc_column_text][vc_btn title=\u00a0\u00bbDemander devis\u00a0\u00bb style=\u00a0\u00bbgradient-custom\u00a0\u00bb gradient_custom_color_1=\u00a0\u00bb#8abd24&Prime; gradient_custom_color_2=\u00a0\u00bb#10a6de\u00a0\u00bb css_animation=\u00a0\u00bbappear\u00a0\u00bb link=\u00a0\u00bburl:http%3A%2F%2Feco-sistems.com%2Fcontacte%2F%3Flang%3Dfr|||\u00a0\u00bb][\/vc_column_inner][\/vc_row_inner][vc_separator css=\u00a0\u00bb.vc_custom_1475000217285{margin-top: 25px !important;}\u00a0\u00bb][vc_row_inner gap=\u00a0\u00bb20&Prime;][vc_column_inner width=\u00a0\u00bb1\/2&Prime;][vc_column_text css_animation=\u00a0\u00bbfadeInLeft\u00a0\u00bb]EFFICIENT utilise la nouvelle pompe rotative EFFICIENT, qui&hellip;<\/p>\n","protected":false},"author":1,"featured_media":0,"parent":0,"menu_order":0,"comment_status":"closed","ping_status":"closed","template":"","meta":{"footnotes":""},"class_list":["post-30928","page","type-page","status-publish","hentry","description-off"],"yoast_head":"<!-- This site is optimized with the Yoast SEO plugin v27.3 - https:\/\/yoast.com\/product\/yoast-seo-wordpress\/ -->\n<title>Watermaker\/Dessalinisateur d&#039;eau - 200 \u00e0 300 litres\/heure<\/title>\n<meta name=\"robots\" content=\"index, follow, max-snippet:-1, max-image-preview:large, max-video-preview:-1\" \/>\n<link rel=\"canonical\" href=\"https:\/\/eco-sistems.com\/fr\/dessalinisateur-de-leau-de-mer-200-300\/\" \/>\n<meta property=\"og:locale\" content=\"fr_FR\" \/>\n<meta property=\"og:type\" content=\"article\" \/>\n<meta property=\"og:title\" content=\"Watermaker\/Dessalinisateur d&#039;eau - 200 \u00e0 300 litres\/heure\" \/>\n<meta property=\"og:description\" content=\"[vc_row type=\u00a0\u00bbvc_default\u00a0\u00bb full_width=\u00a0\u00bbstretch_row\u00a0\u00bb parallax=\u00a0\u00bbcontent-moving\u00a0\u00bb parallax_speed_bg=\u00a0\u00bb1&Prime;][vc_column][vc_row_inner][vc_column_inner][vc_column_text css_animation=\u00a0\u00bbfadeIn\u00a0\u00bb] Application de la pompe rotative Efficient, avec la technologie plus avanc\u00e9e dans Eco-Sistems Watermakers. Production: 200 y 300 litres par heure. \u00c0 partir de 16490 \u20ac (hors taxes) [\/vc_column_text][vc_btn title=\u00a0\u00bbDemander devis\u00a0\u00bb style=\u00a0\u00bbgradient-custom\u00a0\u00bb gradient_custom_color_1=\u00a0\u00bb#8abd24&Prime; gradient_custom_color_2=\u00a0\u00bb#10a6de\u00a0\u00bb css_animation=\u00a0\u00bbappear\u00a0\u00bb link=\u00a0\u00bburl:http%3A%2F%2Feco-sistems.com%2Fcontacte%2F%3Flang%3Dfr|||\u00a0\u00bb][\/vc_column_inner][\/vc_row_inner][vc_separator css=\u00a0\u00bb.vc_custom_1475000217285{margin-top: 25px !important;}\u00a0\u00bb][vc_row_inner gap=\u00a0\u00bb20&Prime;][vc_column_inner width=\u00a0\u00bb1\/2&Prime;][vc_column_text css_animation=\u00a0\u00bbfadeInLeft\u00a0\u00bb]EFFICIENT utilise la nouvelle pompe rotative EFFICIENT, qui&hellip;\" \/>\n<meta property=\"og:url\" content=\"https:\/\/eco-sistems.com\/fr\/dessalinisateur-de-leau-de-mer-200-300\/\" \/>\n<meta property=\"og:site_name\" content=\"Eco-Sistems\" \/>\n<meta property=\"article:publisher\" content=\"https:\/\/www.facebook.com\/watermaker.eco\/\" \/>\n<meta property=\"article:modified_time\" content=\"2017-07-03T07:50:14+00:00\" \/>\n<meta name=\"twitter:card\" content=\"summary_large_image\" \/>\n<meta name=\"twitter:label1\" content=\"Dur\u00e9e de lecture estim\u00e9e\" \/>\n\t<meta name=\"twitter:data1\" content=\"2 minutes\" \/>\n<script type=\"application\/ld+json\" class=\"yoast-schema-graph\">{\"@context\":\"https:\\\/\\\/schema.org\",\"@graph\":[{\"@type\":\"WebPage\",\"@id\":\"https:\\\/\\\/eco-sistems.com\\\/fr\\\/dessalinisateur-de-leau-de-mer-200-300\\\/\",\"url\":\"https:\\\/\\\/eco-sistems.com\\\/fr\\\/dessalinisateur-de-leau-de-mer-200-300\\\/\",\"name\":\"Watermaker\\\/Dessalinisateur d'eau - 200 \u00e0 300 litres\\\/heure\",\"isPartOf\":{\"@id\":\"https:\\\/\\\/eco-sistems.com\\\/fr\\\/#website\"},\"datePublished\":\"2016-09-28T12:09:22+00:00\",\"dateModified\":\"2017-07-03T07:50:14+00:00\",\"breadcrumb\":{\"@id\":\"https:\\\/\\\/eco-sistems.com\\\/fr\\\/dessalinisateur-de-leau-de-mer-200-300\\\/#breadcrumb\"},\"inLanguage\":\"fr-FR\",\"potentialAction\":[{\"@type\":\"ReadAction\",\"target\":[\"https:\\\/\\\/eco-sistems.com\\\/fr\\\/dessalinisateur-de-leau-de-mer-200-300\\\/\"]}]},{\"@type\":\"BreadcrumbList\",\"@id\":\"https:\\\/\\\/eco-sistems.com\\\/fr\\\/dessalinisateur-de-leau-de-mer-200-300\\\/#breadcrumb\",\"itemListElement\":[{\"@type\":\"ListItem\",\"position\":1,\"name\":\"Portada\",\"item\":\"https:\\\/\\\/eco-sistems.com\\\/fr\\\/\"},{\"@type\":\"ListItem\",\"position\":2,\"name\":\"S\u00e9rie Efficient 200\\\/300\"}]},{\"@type\":\"WebSite\",\"@id\":\"https:\\\/\\\/eco-sistems.com\\\/fr\\\/#website\",\"url\":\"https:\\\/\\\/eco-sistems.com\\\/fr\\\/\",\"name\":\"Eco-Sistems\",\"description\":\"Eco-Sistems Watermakers\",\"potentialAction\":[{\"@type\":\"SearchAction\",\"target\":{\"@type\":\"EntryPoint\",\"urlTemplate\":\"https:\\\/\\\/eco-sistems.com\\\/fr\\\/?s={search_term_string}\"},\"query-input\":{\"@type\":\"PropertyValueSpecification\",\"valueRequired\":true,\"valueName\":\"search_term_string\"}}],\"inLanguage\":\"fr-FR\"}]}<\/script>\n<!-- \/ Yoast SEO plugin. -->","yoast_head_json":{"title":"Watermaker\/Dessalinisateur d'eau - 200 \u00e0 300 litres\/heure","robots":{"index":"index","follow":"follow","max-snippet":"max-snippet:-1","max-image-preview":"max-image-preview:large","max-video-preview":"max-video-preview:-1"},"canonical":"https:\/\/eco-sistems.com\/fr\/dessalinisateur-de-leau-de-mer-200-300\/","og_locale":"fr_FR","og_type":"article","og_title":"Watermaker\/Dessalinisateur d'eau - 200 \u00e0 300 litres\/heure","og_description":"[vc_row type=\u00a0\u00bbvc_default\u00a0\u00bb full_width=\u00a0\u00bbstretch_row\u00a0\u00bb parallax=\u00a0\u00bbcontent-moving\u00a0\u00bb parallax_speed_bg=\u00a0\u00bb1&Prime;][vc_column][vc_row_inner][vc_column_inner][vc_column_text css_animation=\u00a0\u00bbfadeIn\u00a0\u00bb] Application de la pompe rotative Efficient, avec la technologie plus avanc\u00e9e dans Eco-Sistems Watermakers. Production: 200 y 300 litres par heure. \u00c0 partir de 16490 \u20ac (hors taxes) [\/vc_column_text][vc_btn title=\u00a0\u00bbDemander devis\u00a0\u00bb style=\u00a0\u00bbgradient-custom\u00a0\u00bb gradient_custom_color_1=\u00a0\u00bb#8abd24&Prime; gradient_custom_color_2=\u00a0\u00bb#10a6de\u00a0\u00bb css_animation=\u00a0\u00bbappear\u00a0\u00bb link=\u00a0\u00bburl:http%3A%2F%2Feco-sistems.com%2Fcontacte%2F%3Flang%3Dfr|||\u00a0\u00bb][\/vc_column_inner][\/vc_row_inner][vc_separator css=\u00a0\u00bb.vc_custom_1475000217285{margin-top: 25px !important;}\u00a0\u00bb][vc_row_inner gap=\u00a0\u00bb20&Prime;][vc_column_inner width=\u00a0\u00bb1\/2&Prime;][vc_column_text css_animation=\u00a0\u00bbfadeInLeft\u00a0\u00bb]EFFICIENT utilise la nouvelle pompe rotative EFFICIENT, qui&hellip;","og_url":"https:\/\/eco-sistems.com\/fr\/dessalinisateur-de-leau-de-mer-200-300\/","og_site_name":"Eco-Sistems","article_publisher":"https:\/\/www.facebook.com\/watermaker.eco\/","article_modified_time":"2017-07-03T07:50:14+00:00","twitter_card":"summary_large_image","twitter_misc":{"Dur\u00e9e de lecture estim\u00e9e":"2 minutes"},"schema":{"@context":"https:\/\/schema.org","@graph":[{"@type":"WebPage","@id":"https:\/\/eco-sistems.com\/fr\/dessalinisateur-de-leau-de-mer-200-300\/","url":"https:\/\/eco-sistems.com\/fr\/dessalinisateur-de-leau-de-mer-200-300\/","name":"Watermaker\/Dessalinisateur d'eau - 200 \u00e0 300 litres\/heure","isPartOf":{"@id":"https:\/\/eco-sistems.com\/fr\/#website"},"datePublished":"2016-09-28T12:09:22+00:00","dateModified":"2017-07-03T07:50:14+00:00","breadcrumb":{"@id":"https:\/\/eco-sistems.com\/fr\/dessalinisateur-de-leau-de-mer-200-300\/#breadcrumb"},"inLanguage":"fr-FR","potentialAction":[{"@type":"ReadAction","target":["https:\/\/eco-sistems.com\/fr\/dessalinisateur-de-leau-de-mer-200-300\/"]}]},{"@type":"BreadcrumbList","@id":"https:\/\/eco-sistems.com\/fr\/dessalinisateur-de-leau-de-mer-200-300\/#breadcrumb","itemListElement":[{"@type":"ListItem","position":1,"name":"Portada","item":"https:\/\/eco-sistems.com\/fr\/"},{"@type":"ListItem","position":2,"name":"S\u00e9rie Efficient 200\/300"}]},{"@type":"WebSite","@id":"https:\/\/eco-sistems.com\/fr\/#website","url":"https:\/\/eco-sistems.com\/fr\/","name":"Eco-Sistems","description":"Eco-Sistems Watermakers","potentialAction":[{"@type":"SearchAction","target":{"@type":"EntryPoint","urlTemplate":"https:\/\/eco-sistems.com\/fr\/?s={search_term_string}"},"query-input":{"@type":"PropertyValueSpecification","valueRequired":true,"valueName":"search_term_string"}}],"inLanguage":"fr-FR"}]}},"_links":{"self":[{"href":"https:\/\/eco-sistems.com\/fr\/wp-json\/wp\/v2\/pages\/30928","targetHints":{"allow":["GET"]}}],"collection":[{"href":"https:\/\/eco-sistems.com\/fr\/wp-json\/wp\/v2\/pages"}],"about":[{"href":"https:\/\/eco-sistems.com\/fr\/wp-json\/wp\/v2\/types\/page"}],"author":[{"embeddable":true,"href":"https:\/\/eco-sistems.com\/fr\/wp-json\/wp\/v2\/users\/1"}],"replies":[{"embeddable":true,"href":"https:\/\/eco-sistems.com\/fr\/wp-json\/wp\/v2\/comments?post=30928"}],"version-history":[{"count":5,"href":"https:\/\/eco-sistems.com\/fr\/wp-json\/wp\/v2\/pages\/30928\/revisions"}],"predecessor-version":[{"id":32495,"href":"https:\/\/eco-sistems.com\/fr\/wp-json\/wp\/v2\/pages\/30928\/revisions\/32495"}],"wp:attachment":[{"href":"https:\/\/eco-sistems.com\/fr\/wp-json\/wp\/v2\/media?parent=30928"}],"curies":[{"name":"wp","href":"https:\/\/api.w.org\/{rel}","templated":true}]}}