{"id":30935,"date":"2016-09-28T14:31:23","date_gmt":"2016-09-28T12:31:23","guid":{"rendered":"http:\/\/eco-sistems.com\/?page_id=30935"},"modified":"2017-03-16T18:32:42","modified_gmt":"2017-03-16T17:32:42","slug":"dessalinisateur-de-leau-terrestre-2000-4000","status":"publish","type":"page","link":"https:\/\/eco-sistems.com\/fr\/dessalinisateur-de-leau-terrestre-2000-4000\/","title":{"rendered":"S\u00e9rie Efficient T-2000\/4000"},"content":{"rendered":"<div class=\"wpb-content-wrapper\"><p>[vc_row type=\u00a0\u00bbvc_default\u00a0\u00bb full_width=\u00a0\u00bbstretch_row\u00a0\u00bb parallax=\u00a0\u00bbcontent-moving\u00a0\u00bb parallax_speed_bg=\u00a0\u00bb1&Prime;][vc_column][vc_row_inner][vc_column_inner][vc_column_text css_animation=\u00a0\u00bbfadeIn\u00a0\u00bb]<\/p>\n<h2><strong>Les dessalinisateurs\u00a0d\u00b4eau Efficient<\/strong> sont des \u00e9quipements autonomes- mobiles ou fixes- selon mod\u00e8le et capables de produire <strong>2.000 o 4.000 litres par heure d&rsquo;eau potable<\/strong> pour l&rsquo;utilisation humaine, agricole ou industrielle.<\/h2>\n<p>[\/vc_column_text][vc_btn title=\u00a0\u00bbDemander devis\u00a0\u00bb style=\u00a0\u00bbgradient-custom\u00a0\u00bb gradient_custom_color_1=\u00a0\u00bb#8abd24&Prime; gradient_custom_color_2=\u00a0\u00bb#10a6de\u00a0\u00bb css_animation=\u00a0\u00bbappear\u00a0\u00bb link=\u00a0\u00bburl:http%3A%2F%2Feco-sistems.com%2Fcontacte%2F%3Flang%3Dfr|||\u00a0\u00bb][\/vc_column_inner][\/vc_row_inner][vc_separator css=\u00a0\u00bb.vc_custom_1475000217285{margin-top: 25px !important;}\u00a0\u00bb][vc_row_inner gap=\u00a0\u00bb20&Prime;][vc_column_inner width=\u00a0\u00bb1\/2&Prime;][vc_column_text css_animation=\u00a0\u00bbfadeInLeft\u00a0\u00bb]La caract\u00e9ristique principale de la s\u00e9rie de <strong>dessalinisateurs d&rsquo;eau<\/strong> Efficient est son syst\u00e8me brevet\u00e9 de r\u00e9cup\u00e9ration d&rsquo;\u00e9nergie, qui r\u00e9duit consid\u00e9rablement la consommation \u00e9lectrique et offrent une \u00e9conomie \u00e9nerg\u00e9tique de 80% par rapport aux autres dispositifs existants dans le march\u00e9.<\/p>\n<p>Les mod\u00e8les Efficient T-2000\/4000 s\u00b4appuient sur la technologie la plus avanc\u00e9e de <strong>Eco-Sistems Watermakers<\/strong> et <strong>peuvent purifier n&rsquo;importe quel type d\u00b4eau sal\u00e9e<\/strong>: depuis la source directe en eau de mer, jusqu&rsquo;au puisage en nappes phr\u00e9atique.[\/vc_column_text][\/vc_column_inner][vc_column_inner width=\u00a0\u00bb1\/2&Prime;][vc_column_text css_animation=\u00a0\u00bbfadeInRight\u00a0\u00bb]Il est important de noter que, en plus du sel, le<strong> processus de potabilisation de l&rsquo;eau<\/strong> peut aussi bien \u00e9liminer les virus et les bact\u00e9ries, qui restent retenus dans les membranes innovatrices de filtrage d&rsquo;osmose invers\u00e9e du syst\u00e8me.[\/vc_column_text][\/vc_column_inner][\/vc_row_inner][\/vc_column][\/vc_row][vc_row type=\u00a0\u00bbvc_default\u00a0\u00bb][vc_column]<div class=\"woocommerce columns-3 \"><div class=\"wf-container dt-products  woo-hover products loading-effect-fade-in description-on-hover cart-btn-on-img wc-img-hover hide-description wc-grid\" data-padding=\"0px\" data-cur-page=\"1\" data-desktop-columns-num=\"4\" data-v-tablet-columns-num=\"2\" data-h-tablet-columns-num=\"3\" data-phone-columns-num=\"1\">\n\n<article class=\"post visible description-off product type-product post-30700 status-publish first instock product_cat-efficient-t-2000-4000 has-post-thumbnail taxable shipping-taxable product-type-simple\">\n\n\t<figure class=\"woocom-project\">\n\t<div class=\"woo-buttons-on-img\">\n\n\t\t<a href=\"https:\/\/eco-sistems.com\/fr\/producto\/efficient-t-4000-2\/\" class=\"alignnone layzr-bg\"><img loading=\"lazy\" decoding=\"async\" width=\"600\" height=\"600\" src=\"data:image\/svg+xml;charset=utf-8,%3Csvg xmlns%3D&#039;http%3A%2F%2Fwww.w3.org%2F2000%2Fsvg&#039; viewBox%3D&#039;0 0 600 600&#039;%2F%3E\" class=\"attachment-woocommerce_thumbnail size-woocommerce_thumbnail lazy-load preload-me\" alt=\"Dessalinisateur Efficient T-4000\" data-src=\"https:\/\/eco-sistems.com\/wp-content\/uploads\/2016\/05\/efficient-t4000.jpg\" data-srcset=\"https:\/\/eco-sistems.com\/wp-content\/uploads\/2016\/05\/efficient-t4000.jpg 600w, https:\/\/eco-sistems.com\/wp-content\/uploads\/2016\/05\/efficient-t4000-200x200.jpg 200w, https:\/\/eco-sistems.com\/wp-content\/uploads\/2016\/05\/efficient-t4000-150x150.jpg 150w, https:\/\/eco-sistems.com\/wp-content\/uploads\/2016\/05\/efficient-t4000-300x300.jpg 300w, https:\/\/eco-sistems.com\/wp-content\/uploads\/2016\/05\/efficient-t4000-180x180.jpg 180w\" \/><\/a>\n\t<\/div>\n\t<figcaption class=\"woocom-list-content\">\n\n\t\t<div class=\"woocommerce-product-details__short-description\">\n\t<p>Le syst\u00e8me EFFICIENT T-4000 peut potabiliser n\u2019importe quel type d\u2019eau sal\u00e9e: \u00e0 partir d\u00b4une source directe \u00e0 la mer jusqu\u2019\u00e0 l\u2019existence de sources en nappes phr\u00e9atiques. La caract\u00e9ristique principale de la machine T-4000 r\u00e9side dans son syst\u00e8me de r\u00e9cup\u00e9ration d\u2019\u00e9nergie brevet\u00e9, unique en son genre \u00e0 l\u00b4\u00e9chelle mondiale, qui r\u00e9duit consid\u00e9rablement la consommation \u00e9lectrique et offre une \u00e9conomie d\u00b4\u00e9nergie de 80% en comparaison avec d\u2019autres dispositifs existants sur le march\u00e9.<\/p>\n<a href=\"https:\/\/eco-sistems.com\/contacto\/\" class=\"btn-shortcode dt-btn-m dt-btn default-btn-color default-btn-hover-color default-btn-bg-color default-btn-bg-hover-color fadeIn animate-element animation-builder\" id=\"dt-btn-1\"><i class=\"fa fa-chevron-circle-right\"><\/i><span>Demander devis<\/span><\/a>\n<\/div>\n\n\t<\/figcaption>\n<\/figure>\n\n<\/article>\n\n\n\n<article class=\"post visible description-off product type-product post-30699 status-publish instock product_cat-efficient-t-2000-4000 has-post-thumbnail taxable shipping-taxable product-type-simple\">\n\n\t<figure class=\"woocom-project\">\n\t<div class=\"woo-buttons-on-img\">\n\n\t\t<a href=\"https:\/\/eco-sistems.com\/fr\/producto\/efficient-t-2000-2\/\" class=\"alignnone layzr-bg\"><img loading=\"lazy\" decoding=\"async\" width=\"600\" height=\"600\" src=\"data:image\/svg+xml;charset=utf-8,%3Csvg xmlns%3D&#039;http%3A%2F%2Fwww.w3.org%2F2000%2Fsvg&#039; viewBox%3D&#039;0 0 600 600&#039;%2F%3E\" class=\"attachment-woocommerce_thumbnail size-woocommerce_thumbnail lazy-load preload-me\" alt=\"Dessalinisateur Efficient T-2000\" data-src=\"https:\/\/eco-sistems.com\/wp-content\/uploads\/2016\/05\/efficient-t2000.jpg\" data-srcset=\"https:\/\/eco-sistems.com\/wp-content\/uploads\/2016\/05\/efficient-t2000.jpg 600w, https:\/\/eco-sistems.com\/wp-content\/uploads\/2016\/05\/efficient-t2000-200x200.jpg 200w, https:\/\/eco-sistems.com\/wp-content\/uploads\/2016\/05\/efficient-t2000-150x150.jpg 150w, https:\/\/eco-sistems.com\/wp-content\/uploads\/2016\/05\/efficient-t2000-300x300.jpg 300w, https:\/\/eco-sistems.com\/wp-content\/uploads\/2016\/05\/efficient-t2000-180x180.jpg 180w\" \/><\/a>\n\t<\/div>\n\t<figcaption class=\"woocom-list-content\">\n\n\t\t<div class=\"woocommerce-product-details__short-description\">\n\t<p><strong>Le syst\u00e8me EFFICIENT T-2000 peut potabiliser n\u2019importe quel type d\u2019eau sal\u00e9e<\/strong>: \u00e0 partir d\u00b4une source directe \u00e0 la mer jusqu\u2019\u00e0 l\u2019existence de sources en nappes phr\u00e9atiques.<\/p>\n<p>La caract\u00e9ristique principale de la machine T-2000 r\u00e9side dans son syst\u00e8me de r\u00e9cup\u00e9ration d\u2019\u00e9nergie brevet\u00e9, unique en son genre \u00e0 l\u00b4\u00e9chelle mondiale, qui r\u00e9duit consid\u00e9rablement la consommation \u00e9lectrique et <strong>offre une \u00e9conomie d\u00b4\u00e9nergie de 80%<\/strong> en comparaison avec d\u2019autres dispositifs existants sur le march\u00e9.<\/p>\n<a href=\"https:\/\/eco-sistems.com\/contacte\/?lang=fr\" class=\"btn-shortcode dt-btn-m dt-btn default-btn-color default-btn-hover-color default-btn-bg-color default-btn-bg-hover-color fadeIn animate-element animation-builder\" id=\"dt-btn-2\"><i class=\"fa fa-chevron-circle-right\"><\/i><span>Demander devis<\/span><\/a>\n<\/div>\n\n\t<\/figcaption>\n<\/figure>\n\n<\/article>\n\n<\/div><\/div>[\/vc_column][\/vc_row]<\/p>\n<\/div>","protected":false},"excerpt":{"rendered":"<p>[vc_row type=\u00a0\u00bbvc_default\u00a0\u00bb full_width=\u00a0\u00bbstretch_row\u00a0\u00bb parallax=\u00a0\u00bbcontent-moving\u00a0\u00bb parallax_speed_bg=\u00a0\u00bb1&Prime;][vc_column][vc_row_inner][vc_column_inner][vc_column_text css_animation=\u00a0\u00bbfadeIn\u00a0\u00bb] Les dessalinisateurs\u00a0d\u00b4eau Efficient sont des \u00e9quipements autonomes- mobiles ou fixes- selon mod\u00e8le et capables de produire 2.000 o 4.000 litres par heure d&rsquo;eau potable pour l&rsquo;utilisation humaine, agricole ou industrielle. [\/vc_column_text][vc_btn title=\u00a0\u00bbDemander devis\u00a0\u00bb style=\u00a0\u00bbgradient-custom\u00a0\u00bb gradient_custom_color_1=\u00a0\u00bb#8abd24&Prime; gradient_custom_color_2=\u00a0\u00bb#10a6de\u00a0\u00bb css_animation=\u00a0\u00bbappear\u00a0\u00bb link=\u00a0\u00bburl:http%3A%2F%2Feco-sistems.com%2Fcontacte%2F%3Flang%3Dfr|||\u00a0\u00bb][\/vc_column_inner][\/vc_row_inner][vc_separator css=\u00a0\u00bb.vc_custom_1475000217285{margin-top: 25px !important;}\u00a0\u00bb][vc_row_inner gap=\u00a0\u00bb20&Prime;][vc_column_inner width=\u00a0\u00bb1\/2&Prime;][vc_column_text css_animation=\u00a0\u00bbfadeInLeft\u00a0\u00bb]La caract\u00e9ristique principale de la s\u00e9rie&hellip;<\/p>\n","protected":false},"author":1,"featured_media":0,"parent":0,"menu_order":0,"comment_status":"closed","ping_status":"closed","template":"","meta":{"footnotes":""},"class_list":["post-30935","page","type-page","status-publish","hentry","description-off"],"yoast_head":"<!-- This site is optimized with the Yoast SEO plugin v27.3 - https:\/\/yoast.com\/product\/yoast-seo-wordpress\/ -->\n<title>Watermaker\/Dessalinisateur d&#039;eau - 2000 \u00e0 4000 litres\/heure<\/title>\n<meta name=\"robots\" content=\"index, follow, max-snippet:-1, max-image-preview:large, max-video-preview:-1\" \/>\n<link rel=\"canonical\" href=\"https:\/\/eco-sistems.com\/fr\/dessalinisateur-de-leau-terrestre-2000-4000\/\" \/>\n<meta property=\"og:locale\" content=\"fr_FR\" \/>\n<meta property=\"og:type\" content=\"article\" \/>\n<meta property=\"og:title\" content=\"Watermaker\/Dessalinisateur d&#039;eau - 2000 \u00e0 4000 litres\/heure\" \/>\n<meta property=\"og:description\" content=\"[vc_row type=\u00a0\u00bbvc_default\u00a0\u00bb full_width=\u00a0\u00bbstretch_row\u00a0\u00bb parallax=\u00a0\u00bbcontent-moving\u00a0\u00bb parallax_speed_bg=\u00a0\u00bb1&Prime;][vc_column][vc_row_inner][vc_column_inner][vc_column_text css_animation=\u00a0\u00bbfadeIn\u00a0\u00bb] Les dessalinisateurs\u00a0d\u00b4eau Efficient sont des \u00e9quipements autonomes- mobiles ou fixes- selon mod\u00e8le et capables de produire 2.000 o 4.000 litres par heure d&rsquo;eau potable pour l&rsquo;utilisation humaine, agricole ou industrielle. [\/vc_column_text][vc_btn title=\u00a0\u00bbDemander devis\u00a0\u00bb style=\u00a0\u00bbgradient-custom\u00a0\u00bb gradient_custom_color_1=\u00a0\u00bb#8abd24&Prime; gradient_custom_color_2=\u00a0\u00bb#10a6de\u00a0\u00bb css_animation=\u00a0\u00bbappear\u00a0\u00bb link=\u00a0\u00bburl:http%3A%2F%2Feco-sistems.com%2Fcontacte%2F%3Flang%3Dfr|||\u00a0\u00bb][\/vc_column_inner][\/vc_row_inner][vc_separator css=\u00a0\u00bb.vc_custom_1475000217285{margin-top: 25px !important;}\u00a0\u00bb][vc_row_inner gap=\u00a0\u00bb20&Prime;][vc_column_inner width=\u00a0\u00bb1\/2&Prime;][vc_column_text css_animation=\u00a0\u00bbfadeInLeft\u00a0\u00bb]La caract\u00e9ristique principale de la s\u00e9rie&hellip;\" \/>\n<meta property=\"og:url\" content=\"https:\/\/eco-sistems.com\/fr\/dessalinisateur-de-leau-terrestre-2000-4000\/\" \/>\n<meta property=\"og:site_name\" content=\"Eco-Sistems\" \/>\n<meta property=\"article:publisher\" content=\"https:\/\/www.facebook.com\/watermaker.eco\/\" \/>\n<meta property=\"article:modified_time\" content=\"2017-03-16T17:32:42+00:00\" \/>\n<meta name=\"twitter:card\" content=\"summary_large_image\" \/>\n<meta name=\"twitter:label1\" content=\"Dur\u00e9e de lecture estim\u00e9e\" \/>\n\t<meta name=\"twitter:data1\" content=\"1 minute\" \/>\n<script type=\"application\/ld+json\" class=\"yoast-schema-graph\">{\"@context\":\"https:\\\/\\\/schema.org\",\"@graph\":[{\"@type\":\"WebPage\",\"@id\":\"https:\\\/\\\/eco-sistems.com\\\/fr\\\/dessalinisateur-de-leau-terrestre-2000-4000\\\/\",\"url\":\"https:\\\/\\\/eco-sistems.com\\\/fr\\\/dessalinisateur-de-leau-terrestre-2000-4000\\\/\",\"name\":\"Watermaker\\\/Dessalinisateur d'eau - 2000 \u00e0 4000 litres\\\/heure\",\"isPartOf\":{\"@id\":\"https:\\\/\\\/eco-sistems.com\\\/fr\\\/#website\"},\"datePublished\":\"2016-09-28T12:31:23+00:00\",\"dateModified\":\"2017-03-16T17:32:42+00:00\",\"breadcrumb\":{\"@id\":\"https:\\\/\\\/eco-sistems.com\\\/fr\\\/dessalinisateur-de-leau-terrestre-2000-4000\\\/#breadcrumb\"},\"inLanguage\":\"fr-FR\",\"potentialAction\":[{\"@type\":\"ReadAction\",\"target\":[\"https:\\\/\\\/eco-sistems.com\\\/fr\\\/dessalinisateur-de-leau-terrestre-2000-4000\\\/\"]}]},{\"@type\":\"BreadcrumbList\",\"@id\":\"https:\\\/\\\/eco-sistems.com\\\/fr\\\/dessalinisateur-de-leau-terrestre-2000-4000\\\/#breadcrumb\",\"itemListElement\":[{\"@type\":\"ListItem\",\"position\":1,\"name\":\"Portada\",\"item\":\"https:\\\/\\\/eco-sistems.com\\\/fr\\\/\"},{\"@type\":\"ListItem\",\"position\":2,\"name\":\"S\u00e9rie Efficient T-2000\\\/4000\"}]},{\"@type\":\"WebSite\",\"@id\":\"https:\\\/\\\/eco-sistems.com\\\/fr\\\/#website\",\"url\":\"https:\\\/\\\/eco-sistems.com\\\/fr\\\/\",\"name\":\"Eco-Sistems\",\"description\":\"Eco-Sistems Watermakers\",\"potentialAction\":[{\"@type\":\"SearchAction\",\"target\":{\"@type\":\"EntryPoint\",\"urlTemplate\":\"https:\\\/\\\/eco-sistems.com\\\/fr\\\/?s={search_term_string}\"},\"query-input\":{\"@type\":\"PropertyValueSpecification\",\"valueRequired\":true,\"valueName\":\"search_term_string\"}}],\"inLanguage\":\"fr-FR\"}]}<\/script>\n<!-- \/ Yoast SEO plugin. -->","yoast_head_json":{"title":"Watermaker\/Dessalinisateur d'eau - 2000 \u00e0 4000 litres\/heure","robots":{"index":"index","follow":"follow","max-snippet":"max-snippet:-1","max-image-preview":"max-image-preview:large","max-video-preview":"max-video-preview:-1"},"canonical":"https:\/\/eco-sistems.com\/fr\/dessalinisateur-de-leau-terrestre-2000-4000\/","og_locale":"fr_FR","og_type":"article","og_title":"Watermaker\/Dessalinisateur d'eau - 2000 \u00e0 4000 litres\/heure","og_description":"[vc_row type=\u00a0\u00bbvc_default\u00a0\u00bb full_width=\u00a0\u00bbstretch_row\u00a0\u00bb parallax=\u00a0\u00bbcontent-moving\u00a0\u00bb parallax_speed_bg=\u00a0\u00bb1&Prime;][vc_column][vc_row_inner][vc_column_inner][vc_column_text css_animation=\u00a0\u00bbfadeIn\u00a0\u00bb] Les dessalinisateurs\u00a0d\u00b4eau Efficient sont des \u00e9quipements autonomes- mobiles ou fixes- selon mod\u00e8le et capables de produire 2.000 o 4.000 litres par heure d&rsquo;eau potable pour l&rsquo;utilisation humaine, agricole ou industrielle. [\/vc_column_text][vc_btn title=\u00a0\u00bbDemander devis\u00a0\u00bb style=\u00a0\u00bbgradient-custom\u00a0\u00bb gradient_custom_color_1=\u00a0\u00bb#8abd24&Prime; gradient_custom_color_2=\u00a0\u00bb#10a6de\u00a0\u00bb css_animation=\u00a0\u00bbappear\u00a0\u00bb link=\u00a0\u00bburl:http%3A%2F%2Feco-sistems.com%2Fcontacte%2F%3Flang%3Dfr|||\u00a0\u00bb][\/vc_column_inner][\/vc_row_inner][vc_separator css=\u00a0\u00bb.vc_custom_1475000217285{margin-top: 25px !important;}\u00a0\u00bb][vc_row_inner gap=\u00a0\u00bb20&Prime;][vc_column_inner width=\u00a0\u00bb1\/2&Prime;][vc_column_text css_animation=\u00a0\u00bbfadeInLeft\u00a0\u00bb]La caract\u00e9ristique principale de la s\u00e9rie&hellip;","og_url":"https:\/\/eco-sistems.com\/fr\/dessalinisateur-de-leau-terrestre-2000-4000\/","og_site_name":"Eco-Sistems","article_publisher":"https:\/\/www.facebook.com\/watermaker.eco\/","article_modified_time":"2017-03-16T17:32:42+00:00","twitter_card":"summary_large_image","twitter_misc":{"Dur\u00e9e de lecture estim\u00e9e":"1 minute"},"schema":{"@context":"https:\/\/schema.org","@graph":[{"@type":"WebPage","@id":"https:\/\/eco-sistems.com\/fr\/dessalinisateur-de-leau-terrestre-2000-4000\/","url":"https:\/\/eco-sistems.com\/fr\/dessalinisateur-de-leau-terrestre-2000-4000\/","name":"Watermaker\/Dessalinisateur d'eau - 2000 \u00e0 4000 litres\/heure","isPartOf":{"@id":"https:\/\/eco-sistems.com\/fr\/#website"},"datePublished":"2016-09-28T12:31:23+00:00","dateModified":"2017-03-16T17:32:42+00:00","breadcrumb":{"@id":"https:\/\/eco-sistems.com\/fr\/dessalinisateur-de-leau-terrestre-2000-4000\/#breadcrumb"},"inLanguage":"fr-FR","potentialAction":[{"@type":"ReadAction","target":["https:\/\/eco-sistems.com\/fr\/dessalinisateur-de-leau-terrestre-2000-4000\/"]}]},{"@type":"BreadcrumbList","@id":"https:\/\/eco-sistems.com\/fr\/dessalinisateur-de-leau-terrestre-2000-4000\/#breadcrumb","itemListElement":[{"@type":"ListItem","position":1,"name":"Portada","item":"https:\/\/eco-sistems.com\/fr\/"},{"@type":"ListItem","position":2,"name":"S\u00e9rie Efficient T-2000\/4000"}]},{"@type":"WebSite","@id":"https:\/\/eco-sistems.com\/fr\/#website","url":"https:\/\/eco-sistems.com\/fr\/","name":"Eco-Sistems","description":"Eco-Sistems Watermakers","potentialAction":[{"@type":"SearchAction","target":{"@type":"EntryPoint","urlTemplate":"https:\/\/eco-sistems.com\/fr\/?s={search_term_string}"},"query-input":{"@type":"PropertyValueSpecification","valueRequired":true,"valueName":"search_term_string"}}],"inLanguage":"fr-FR"}]}},"_links":{"self":[{"href":"https:\/\/eco-sistems.com\/fr\/wp-json\/wp\/v2\/pages\/30935","targetHints":{"allow":["GET"]}}],"collection":[{"href":"https:\/\/eco-sistems.com\/fr\/wp-json\/wp\/v2\/pages"}],"about":[{"href":"https:\/\/eco-sistems.com\/fr\/wp-json\/wp\/v2\/types\/page"}],"author":[{"embeddable":true,"href":"https:\/\/eco-sistems.com\/fr\/wp-json\/wp\/v2\/users\/1"}],"replies":[{"embeddable":true,"href":"https:\/\/eco-sistems.com\/fr\/wp-json\/wp\/v2\/comments?post=30935"}],"version-history":[{"count":5,"href":"https:\/\/eco-sistems.com\/fr\/wp-json\/wp\/v2\/pages\/30935\/revisions"}],"predecessor-version":[{"id":31631,"href":"https:\/\/eco-sistems.com\/fr\/wp-json\/wp\/v2\/pages\/30935\/revisions\/31631"}],"wp:attachment":[{"href":"https:\/\/eco-sistems.com\/fr\/wp-json\/wp\/v2\/media?parent=30935"}],"curies":[{"name":"wp","href":"https:\/\/api.w.org\/{rel}","templated":true}]}}