{"id":30699,"date":"2016-05-25T14:40:03","date_gmt":"2016-05-25T12:40:03","guid":{"rendered":"http:\/\/eco-sistems.com\/product\/efficient-t-2000-2\/"},"modified":"2026-03-25T15:38:15","modified_gmt":"2026-03-25T14:38:15","slug":"efficient-t-2000-2","status":"publish","type":"product","link":"https:\/\/eco-sistems.com\/fr\/producto\/efficient-t-2000-2\/","title":{"rendered":"EFFICIENT T-2000"},"content":{"rendered":"<div class=\"wpb-content-wrapper\"><p>[vc_row][vc_column][vc_tta_tabs style=\u00a0\u00bbmodern\u00a0\u00bb color=\u00a0\u00bbwhite\u00a0\u00bb spacing=\u00a0\u00bb\u00a0\u00bb gap=\u00a0\u00bb25&Prime; active_section=\u00a0\u00bb1&Prime; no_fill_content_area=\u00a0\u00bbtrue\u00a0\u00bb][vc_tta_section i_icon_fontawesome=\u00a0\u00bbfa fa-star\u00a0\u00bb add_icon=\u00a0\u00bbtrue\u00a0\u00bb title=\u00a0\u00bbCaract\u00e9ristiques\u00a0\u00bb tab_id=\u00a0\u00bb1464005144724-88bf3f9f-ba54&Prime;][vc_row_inner][vc_column_inner width=\u00a0\u00bb1\/3&Prime;]<div class=\"uavc-list-icon uavc-list-icon-wrapper ult-adjust-bottom-margin   \"><ul class=\"uavc-list\"><li><div class=\"uavc-list-content\" id=\"list-icon-wrap-2185\">\n<div class=\"uavc-list-icon  \" data-animation=\"\" data-animation-delay=\"03\" style=\"margin-right:15px;\"><div class=\"ult-just-icon-wrapper  \"><div class=\"align-icon\" style=\"text-align:center;\">\n<div class=\"aio-icon-img \" style=\"font-size:50px;display:inline-block;\" >\n\t<img decoding=\"async\" class=\"img-icon\" alt=\"null\" src=\"https:\/\/eco-sistems.com\/wp-content\/uploads\/2016\/05\/Icon_litros.png\"\/>\n<\/div><\/div><\/div>\n<\/div><span  data-ultimate-target='#list-icon-wrap-2185 .uavc-list-desc'  data-responsive-json-new='{\"font-size\":\"\",\"line-height\":\"\"}'  class=\"uavc-list-desc ult-responsive\" style=\"\"><span class=\"s1\" style=\"color: #10a6de;\">Production<\/span>\u00a02000 l. \/ heure<\/span><\/div><\/li><\/ul><\/div>[\/vc_column_inner][vc_column_inner width=\u00a0\u00bb1\/3&Prime;]<div class=\"uavc-list-icon uavc-list-icon-wrapper ult-adjust-bottom-margin   \"><ul class=\"uavc-list\"><li><div class=\"uavc-list-content\" id=\"list-icon-wrap-3727\">\n<div class=\"uavc-list-icon  \" data-animation=\"\" data-animation-delay=\"03\" style=\"margin-right:15px;\"><div class=\"ult-just-icon-wrapper  \"><div class=\"align-icon\" style=\"text-align:center;\">\n<div class=\"aio-icon-img \" style=\"font-size:50px;display:inline-block;\" >\n\t<img decoding=\"async\" class=\"img-icon\" alt=\"null\" src=\"https:\/\/eco-sistems.com\/wp-content\/uploads\/2016\/05\/Icon_voltaje.png\"\/>\n<\/div><\/div><\/div>\n<\/div><span  data-ultimate-target='#list-icon-wrap-3727 .uavc-list-desc'  data-responsive-json-new='{\"font-size\":\"\",\"line-height\":\"\"}'  class=\"uavc-list-desc ult-responsive\" style=\"\"><span class=\"s1\" style=\"color: #10a6de;\">Alimentation<\/span>\u00a0220V AC monophasique | 220V AC triphasique |\u00a0380V AC triphasique neutre<\/span><\/div><\/li><\/ul><\/div>[\/vc_column_inner][\/vc_row_inner][\/vc_tta_section][vc_tta_section i_icon_fontawesome=\u00a0\u00bbfa fa-eye\u00a0\u00bb add_icon=\u00a0\u00bbtrue\u00a0\u00bb title=\u00a0\u00bbPlus d&rsquo;informations\u00a0\u00bb tab_id=\u00a0\u00bb1464005144757-ef988f53-bd53&Prime;][vc_column_text css_animation=\u00a0\u00bbfadeInDownBig\u00a0\u00bb]Le syst\u00e8me EFFICIENT T-2000 peut potabiliser n\u2019importe quel type d\u2019eau sal\u00e9e : \u00e0 partir d\u00b4une source directe \u00e0 la mer jusqu\u2019\u00e0 l\u2019existence de sources en nappes phr\u00e9atiques.Il est important de signaler que, en plus de la destruction du sel et des ions n\u00e9fastes, le processus \u00e9radique \u00e9galement toutes sortes de virus et bact\u00e9ries qui restent prisonniers au sein des membranes innovantes de filtration du syst\u00e8me d\u2019osmose inverse, avant d\u2019\u00eatre rejet\u00e9s a la mer. [\/vc_column_text][\/vc_tta_section][vc_tta_section i_icon_fontawesome=\u00a0\u00bbfa fa-cloud-download\u00a0\u00bb add_icon=\u00a0\u00bbtrue\u00a0\u00bb title=\u00a0\u00bbT\u00e9l\u00e9chargements\u00a0\u00bb tab_id=\u00a0\u00bb1464601375614-ee04a47a-0d81&Prime;][vc_row_inner][vc_column_inner width=\u00a0\u00bb1\/6&Prime;]<div class=\"text-centered\"><a href=\"https:\/\/eco-sistems.com\/wp-content\/uploads\/2018\/02\/maquina-terrestre-EFFICIENT-T-2000_ENG-1.pdf\" class=\"btn-shortcode dt-btn-s dt-btn default-btn-color default-btn-hover-color default-btn-bg-color default-btn-bg-hover-color fadeInDownBig animate-element animation-builder\" target=\"_blank\" id=\"dt-btn-1\" rel=\"noopener\"><i class=\"fa fa-cloud-download\"><\/i><span>T\u00e9l\u00e9charger<\/span><\/a><\/div>[\/vc_column_inner][vc_column_inner width=\u00a0\u00bb5\/6&Prime;][vc_column_text css_animation=\u00a0\u00bbfadeInDownBig\u00a0\u00bb]Efficient T2000[\/vc_column_text][\/vc_column_inner][\/vc_row_inner][\/vc_tta_section][\/vc_tta_tabs][\/vc_column][\/vc_row]<\/p>\n<\/div>","protected":false},"excerpt":{"rendered":"<p><strong>Le syst\u00e8me EFFICIENT T-2000 peut potabiliser n\u2019importe quel type d\u2019eau sal\u00e9e<\/strong>: \u00e0 partir d\u00b4une source directe \u00e0 la mer jusqu\u2019\u00e0 l\u2019existence de sources en nappes phr\u00e9atiques.<\/p>\n<p>La caract\u00e9ristique principale de la machine T-2000 r\u00e9side dans son syst\u00e8me de r\u00e9cup\u00e9ration d\u2019\u00e9nergie brevet\u00e9, unique en son genre \u00e0 l\u00b4\u00e9chelle mondiale, qui r\u00e9duit consid\u00e9rablement la consommation \u00e9lectrique et <strong>offre une \u00e9conomie d\u00b4\u00e9nergie de 80%<\/strong> en comparaison avec d\u2019autres dispositifs existants sur le march\u00e9.<\/p>\n[dt_button link=\"https:\/\/eco-sistems.com\/contacte\/?lang=fr\" target_blank=\"false\" button_alignment=\"default\" animation=\"fadeIn\" size=\"medium\" style=\"default\" bg_color_style=\"default\" bg_hover_color_style=\"default\" text_color_style=\"default\" text_hover_color_style=\"default\" icon=\"fa fa-chevron-circle-right\" icon_align=\"left\"]Demander devis[\/dt_button]\n","protected":false},"featured_media":28941,"comment_status":"closed","ping_status":"closed","template":"","meta":[],"product_brand":[],"product_cat":[212],"product_tag":[],"class_list":{"0":"post-30699","1":"product","2":"type-product","3":"status-publish","4":"has-post-thumbnail","6":"product_cat-efficient-t-2000-4000","7":"description-off","9":"first","10":"instock","11":"taxable","12":"shipping-taxable","13":"product-type-simple"},"yoast_head":"<!-- This site is optimized with the Yoast SEO plugin v27.4 - https:\/\/yoast.com\/product\/yoast-seo-wordpress\/ -->\n<title>Watermaker\/Dessalinisateur d&#039;eau - 2000 litres\/heure<\/title>\n<meta name=\"robots\" content=\"index, follow, max-snippet:-1, max-image-preview:large, max-video-preview:-1\" \/>\n<link rel=\"canonical\" href=\"https:\/\/eco-sistems.com\/fr\/producto\/efficient-t-2000-2\/\" \/>\n<meta property=\"og:locale\" content=\"fr_FR\" \/>\n<meta property=\"og:type\" content=\"article\" \/>\n<meta property=\"og:title\" content=\"Watermaker\/Dessalinisateur d&#039;eau - 2000 litres\/heure\" \/>\n<meta property=\"og:description\" content=\"Le syst\u00e8me EFFICIENT T-2000 peut potabiliser n\u2019importe quel type d\u2019eau sal\u00e9e: \u00e0 partir d\u00b4une source directe \u00e0 la mer jusqu\u2019\u00e0 l\u2019existence de sources en nappes phr\u00e9atiques.  La caract\u00e9ristique principale de la machine T-2000 r\u00e9side dans son syst\u00e8me de r\u00e9cup\u00e9ration d\u2019\u00e9nergie brevet\u00e9, unique en son genre \u00e0 l\u00b4\u00e9chelle mondiale, qui r\u00e9duit consid\u00e9rablement la consommation \u00e9lectrique et offre une \u00e9conomie d\u00b4\u00e9nergie de 80% en comparaison avec d\u2019autres dispositifs existants sur le march\u00e9.\" \/>\n<meta property=\"og:url\" content=\"https:\/\/eco-sistems.com\/fr\/producto\/efficient-t-2000-2\/\" \/>\n<meta property=\"og:site_name\" content=\"Eco-Sistems\" \/>\n<meta property=\"article:publisher\" content=\"https:\/\/www.facebook.com\/watermaker.eco\/\" \/>\n<meta property=\"article:modified_time\" content=\"2026-03-25T14:38:15+00:00\" \/>\n<meta property=\"og:image\" content=\"https:\/\/eco-sistems.com\/wp-content\/uploads\/2016\/05\/efficient-t2000.jpg\" \/>\n\t<meta property=\"og:image:width\" content=\"600\" \/>\n\t<meta property=\"og:image:height\" content=\"600\" \/>\n\t<meta property=\"og:image:type\" content=\"image\/jpeg\" \/>\n<meta name=\"twitter:card\" content=\"summary_large_image\" \/>\n<meta name=\"twitter:label1\" content=\"Dur\u00e9e de lecture estim\u00e9e\" \/>\n\t<meta name=\"twitter:data1\" content=\"2 minutes\" \/>\n<script type=\"application\/ld+json\" class=\"yoast-schema-graph\">{\"@context\":\"https:\\\/\\\/schema.org\",\"@graph\":[{\"@type\":\"WebPage\",\"@id\":\"https:\\\/\\\/eco-sistems.com\\\/fr\\\/producto\\\/efficient-t-2000-2\\\/\",\"url\":\"https:\\\/\\\/eco-sistems.com\\\/fr\\\/producto\\\/efficient-t-2000-2\\\/\",\"name\":\"Watermaker\\\/Dessalinisateur d'eau - 2000 litres\\\/heure\",\"isPartOf\":{\"@id\":\"https:\\\/\\\/eco-sistems.com\\\/fr\\\/#website\"},\"primaryImageOfPage\":{\"@id\":\"https:\\\/\\\/eco-sistems.com\\\/fr\\\/producto\\\/efficient-t-2000-2\\\/#primaryimage\"},\"image\":{\"@id\":\"https:\\\/\\\/eco-sistems.com\\\/fr\\\/producto\\\/efficient-t-2000-2\\\/#primaryimage\"},\"thumbnailUrl\":\"https:\\\/\\\/eco-sistems.com\\\/wp-content\\\/uploads\\\/2016\\\/05\\\/efficient-t2000.jpg\",\"datePublished\":\"2016-05-25T12:40:03+00:00\",\"dateModified\":\"2026-03-25T14:38:15+00:00\",\"breadcrumb\":{\"@id\":\"https:\\\/\\\/eco-sistems.com\\\/fr\\\/producto\\\/efficient-t-2000-2\\\/#breadcrumb\"},\"inLanguage\":\"fr-FR\",\"potentialAction\":[{\"@type\":\"ReadAction\",\"target\":[\"https:\\\/\\\/eco-sistems.com\\\/fr\\\/producto\\\/efficient-t-2000-2\\\/\"]}]},{\"@type\":\"ImageObject\",\"inLanguage\":\"fr-FR\",\"@id\":\"https:\\\/\\\/eco-sistems.com\\\/fr\\\/producto\\\/efficient-t-2000-2\\\/#primaryimage\",\"url\":\"https:\\\/\\\/eco-sistems.com\\\/wp-content\\\/uploads\\\/2016\\\/05\\\/efficient-t2000.jpg\",\"contentUrl\":\"https:\\\/\\\/eco-sistems.com\\\/wp-content\\\/uploads\\\/2016\\\/05\\\/efficient-t2000.jpg\",\"width\":600,\"height\":600,\"caption\":\"Dessalinisateur Efficient T-2000\"},{\"@type\":\"BreadcrumbList\",\"@id\":\"https:\\\/\\\/eco-sistems.com\\\/fr\\\/producto\\\/efficient-t-2000-2\\\/#breadcrumb\",\"itemListElement\":[{\"@type\":\"ListItem\",\"position\":1,\"name\":\"Portada\",\"item\":\"https:\\\/\\\/eco-sistems.com\\\/fr\\\/\"},{\"@type\":\"ListItem\",\"position\":2,\"name\":\"Produits Eco-Sistems Watermakers\",\"item\":\"https:\\\/\\\/eco-sistems.com\\\/fr\\\/dessalinisateur-de-leau\\\/\"},{\"@type\":\"ListItem\",\"position\":3,\"name\":\"EFFICIENT T-2000\"}]},{\"@type\":\"WebSite\",\"@id\":\"https:\\\/\\\/eco-sistems.com\\\/fr\\\/#website\",\"url\":\"https:\\\/\\\/eco-sistems.com\\\/fr\\\/\",\"name\":\"Eco-Sistems\",\"description\":\"Eco-Sistems Watermakers\",\"potentialAction\":[{\"@type\":\"SearchAction\",\"target\":{\"@type\":\"EntryPoint\",\"urlTemplate\":\"https:\\\/\\\/eco-sistems.com\\\/fr\\\/?s={search_term_string}\"},\"query-input\":{\"@type\":\"PropertyValueSpecification\",\"valueRequired\":true,\"valueName\":\"search_term_string\"}}],\"inLanguage\":\"fr-FR\"}]}<\/script>\n<!-- \/ Yoast SEO plugin. -->","yoast_head_json":{"title":"Watermaker\/Dessalinisateur d'eau - 2000 litres\/heure","robots":{"index":"index","follow":"follow","max-snippet":"max-snippet:-1","max-image-preview":"max-image-preview:large","max-video-preview":"max-video-preview:-1"},"canonical":"https:\/\/eco-sistems.com\/fr\/producto\/efficient-t-2000-2\/","og_locale":"fr_FR","og_type":"article","og_title":"Watermaker\/Dessalinisateur d'eau - 2000 litres\/heure","og_description":"Le syst\u00e8me EFFICIENT T-2000 peut potabiliser n\u2019importe quel type d\u2019eau sal\u00e9e: \u00e0 partir d\u00b4une source directe \u00e0 la mer jusqu\u2019\u00e0 l\u2019existence de sources en nappes phr\u00e9atiques.  La caract\u00e9ristique principale de la machine T-2000 r\u00e9side dans son syst\u00e8me de r\u00e9cup\u00e9ration d\u2019\u00e9nergie brevet\u00e9, unique en son genre \u00e0 l\u00b4\u00e9chelle mondiale, qui r\u00e9duit consid\u00e9rablement la consommation \u00e9lectrique et offre une \u00e9conomie d\u00b4\u00e9nergie de 80% en comparaison avec d\u2019autres dispositifs existants sur le march\u00e9.","og_url":"https:\/\/eco-sistems.com\/fr\/producto\/efficient-t-2000-2\/","og_site_name":"Eco-Sistems","article_publisher":"https:\/\/www.facebook.com\/watermaker.eco\/","article_modified_time":"2026-03-25T14:38:15+00:00","og_image":[{"width":600,"height":600,"url":"https:\/\/eco-sistems.com\/wp-content\/uploads\/2016\/05\/efficient-t2000.jpg","type":"image\/jpeg"}],"twitter_card":"summary_large_image","twitter_misc":{"Dur\u00e9e de lecture estim\u00e9e":"2 minutes"},"schema":{"@context":"https:\/\/schema.org","@graph":[{"@type":"WebPage","@id":"https:\/\/eco-sistems.com\/fr\/producto\/efficient-t-2000-2\/","url":"https:\/\/eco-sistems.com\/fr\/producto\/efficient-t-2000-2\/","name":"Watermaker\/Dessalinisateur d'eau - 2000 litres\/heure","isPartOf":{"@id":"https:\/\/eco-sistems.com\/fr\/#website"},"primaryImageOfPage":{"@id":"https:\/\/eco-sistems.com\/fr\/producto\/efficient-t-2000-2\/#primaryimage"},"image":{"@id":"https:\/\/eco-sistems.com\/fr\/producto\/efficient-t-2000-2\/#primaryimage"},"thumbnailUrl":"https:\/\/eco-sistems.com\/wp-content\/uploads\/2016\/05\/efficient-t2000.jpg","datePublished":"2016-05-25T12:40:03+00:00","dateModified":"2026-03-25T14:38:15+00:00","breadcrumb":{"@id":"https:\/\/eco-sistems.com\/fr\/producto\/efficient-t-2000-2\/#breadcrumb"},"inLanguage":"fr-FR","potentialAction":[{"@type":"ReadAction","target":["https:\/\/eco-sistems.com\/fr\/producto\/efficient-t-2000-2\/"]}]},{"@type":"ImageObject","inLanguage":"fr-FR","@id":"https:\/\/eco-sistems.com\/fr\/producto\/efficient-t-2000-2\/#primaryimage","url":"https:\/\/eco-sistems.com\/wp-content\/uploads\/2016\/05\/efficient-t2000.jpg","contentUrl":"https:\/\/eco-sistems.com\/wp-content\/uploads\/2016\/05\/efficient-t2000.jpg","width":600,"height":600,"caption":"Dessalinisateur Efficient T-2000"},{"@type":"BreadcrumbList","@id":"https:\/\/eco-sistems.com\/fr\/producto\/efficient-t-2000-2\/#breadcrumb","itemListElement":[{"@type":"ListItem","position":1,"name":"Portada","item":"https:\/\/eco-sistems.com\/fr\/"},{"@type":"ListItem","position":2,"name":"Produits Eco-Sistems Watermakers","item":"https:\/\/eco-sistems.com\/fr\/dessalinisateur-de-leau\/"},{"@type":"ListItem","position":3,"name":"EFFICIENT T-2000"}]},{"@type":"WebSite","@id":"https:\/\/eco-sistems.com\/fr\/#website","url":"https:\/\/eco-sistems.com\/fr\/","name":"Eco-Sistems","description":"Eco-Sistems Watermakers","potentialAction":[{"@type":"SearchAction","target":{"@type":"EntryPoint","urlTemplate":"https:\/\/eco-sistems.com\/fr\/?s={search_term_string}"},"query-input":{"@type":"PropertyValueSpecification","valueRequired":true,"valueName":"search_term_string"}}],"inLanguage":"fr-FR"}]}},"_links":{"self":[{"href":"https:\/\/eco-sistems.com\/fr\/wp-json\/wp\/v2\/product\/30699","targetHints":{"allow":["GET"]}}],"collection":[{"href":"https:\/\/eco-sistems.com\/fr\/wp-json\/wp\/v2\/product"}],"about":[{"href":"https:\/\/eco-sistems.com\/fr\/wp-json\/wp\/v2\/types\/product"}],"replies":[{"embeddable":true,"href":"https:\/\/eco-sistems.com\/fr\/wp-json\/wp\/v2\/comments?post=30699"}],"wp:featuredmedia":[{"embeddable":true,"href":"https:\/\/eco-sistems.com\/fr\/wp-json\/wp\/v2\/media\/28941"}],"wp:attachment":[{"href":"https:\/\/eco-sistems.com\/fr\/wp-json\/wp\/v2\/media?parent=30699"}],"wp:term":[{"taxonomy":"product_brand","embeddable":true,"href":"https:\/\/eco-sistems.com\/fr\/wp-json\/wp\/v2\/product_brand?post=30699"},{"taxonomy":"product_cat","embeddable":true,"href":"https:\/\/eco-sistems.com\/fr\/wp-json\/wp\/v2\/product_cat?post=30699"},{"taxonomy":"product_tag","embeddable":true,"href":"https:\/\/eco-sistems.com\/fr\/wp-json\/wp\/v2\/product_tag?post=30699"}],"curies":[{"name":"wp","href":"https:\/\/api.w.org\/{rel}","templated":true}]}}