{"id":49380,"date":"2026-03-24T14:08:14","date_gmt":"2026-03-24T13:08:14","guid":{"rendered":"https:\/\/eco-sistems.com\/?post_type=product&#038;p=49380"},"modified":"2026-03-25T15:38:14","modified_gmt":"2026-03-25T14:38:14","slug":"water-pro-modular-b-90-2","status":"publish","type":"product","link":"https:\/\/eco-sistems.com\/fr\/producto\/water-pro-modular-b-90-2\/","title":{"rendered":"WATER-PRO MODULAR B-90"},"content":{"rendered":"<div class=\"wpb-content-wrapper\"><p>[vc_row][vc_column][vc_tta_tabs style=\u00a0\u00bbmodern\u00a0\u00bb color=\u00a0\u00bbwhite\u00a0\u00bb spacing=\u00a0\u00bb\u00a0\u00bb gap=\u00a0\u00bb25&Prime; active_section=\u00a0\u00bb1&Prime; no_fill_content_area=\u00a0\u00bbtrue\u00a0\u00bb][vc_tta_section i_icon_fontawesome=\u00a0\u00bbfa fa-star\u00a0\u00bb add_icon=\u00a0\u00bbtrue\u00a0\u00bb title=\u00a0\u00bbCaract\u00e9ristiques\u00a0\u00bb tab_id=\u00a0\u00bb1464005144724-88bf3f9f-ba54&Prime;][vc_row_inner][vc_column_inner width=\u00a0\u00bb1\/3&Prime;]<div class=\"uavc-list-icon uavc-list-icon-wrapper ult-adjust-bottom-margin   \"><ul class=\"uavc-list\"><li><div class=\"uavc-list-content\" id=\"list-icon-wrap-4535\">\n<div class=\"uavc-list-icon  \" data-animation=\"\" data-animation-delay=\"03\" style=\"margin-right:15px;\"><div class=\"ult-just-icon-wrapper  \"><div class=\"align-icon\" style=\"text-align:center;\">\n<div class=\"aio-icon-img \" style=\"font-size:50px;display:inline-block;\" >\n\t<img decoding=\"async\" class=\"img-icon\" alt=\"null\" src=\"https:\/\/eco-sistems.com\/wp-content\/uploads\/2016\/05\/Icon_litros.png\"\/>\n<\/div><\/div><\/div>\n<\/div><span  data-ultimate-target='#list-icon-wrap-4535 .uavc-list-desc'  data-responsive-json-new='{\"font-size\":\"\",\"line-height\":\"\"}'  class=\"uavc-list-desc ult-responsive\" style=\"\"><span class=\"s1\" style=\"color: #10a6de;\">Production<\/span> 90\u00a0l. \/ heure<\/span><\/div><\/li><\/ul><\/div><div class=\"uavc-list-icon uavc-list-icon-wrapper ult-adjust-bottom-margin   \"><ul class=\"uavc-list\"><li><div class=\"uavc-list-content\" id=\"list-icon-wrap-4594\">\n<div class=\"uavc-list-icon  \" data-animation=\"\" data-animation-delay=\"03\" style=\"margin-right:15px;\"><div class=\"ult-just-icon-wrapper  \"><div class=\"align-icon\" style=\"text-align:center;\">\n<div class=\"aio-icon-img \" style=\"font-size:50px;display:inline-block;\" >\n\t<img decoding=\"async\" class=\"img-icon\" alt=\"null\" src=\"https:\/\/eco-sistems.com\/wp-content\/uploads\/2016\/05\/Icon_voltaje.png\"\/>\n<\/div><\/div><\/div>\n<\/div><span  data-ultimate-target='#list-icon-wrap-4594 .uavc-list-desc'  data-responsive-json-new='{\"font-size\":\"\",\"line-height\":\"\"}'  class=\"uavc-list-desc ult-responsive\" style=\"\"><span class=\"s1\" style=\"color: #10a6de;\">Alimentation<\/span><\/p>\n<p>12 V | 24 V DC<\/p>\n<p>220 V AC<\/span><\/div><\/li><\/ul><\/div>[\/vc_column_inner][\/vc_row_inner][\/vc_tta_section][vc_tta_section i_icon_fontawesome=\u00a0\u00bbfa fa-eye\u00a0\u00bb add_icon=\u00a0\u00bbtrue\u00a0\u00bb title=\u00a0\u00bbPlus d&rsquo;informations\u00a0\u00bb tab_id=\u00a0\u00bb1464005144757-ef988f53-bd53&Prime;][vc_column_text css_animation=\u00a0\u00bbfadeInDownBig\u00a0\u00bb css=\u00a0\u00bb\u00a0\u00bb]<\/p>\n<ul>\n<li>Pompe \u00e0 r\u00e9cup\u00e9ration d\u2019\u00e9nergie jusqu\u2019\u00e0 80 %<\/li>\n<li>R\u00e9gulation automatique des pressions<\/li>\n<li>Production 90 l\/h<\/li>\n<li>Rin\u00e7age manuel<\/li>\n<li>Courant alternatif (CA) 220 V ou courant continu (CC) 12\/24 V<\/li>\n<li>Silencieuse et sans vibrations<\/li>\n<li>Facile \u00e0 installer<\/li>\n<\/ul>\n<p>[\/vc_column_text][\/vc_tta_section][vc_tta_section title=\u00a0\u00bbOptions\u00a0\u00bb tab_id=\u00a0\u00bb1774357061251-296628f6-ead8&Prime;][vc_column_text css=\u00a0\u00bb\u00a0\u00bb]<\/p>\n<ul>\n<li>Kit de maintenance<\/li>\n<li>Vannes 3 voies hivernage<\/li>\n<li>Filtre r\u00e9min\u00e9ralisateur<\/li>\n<li>Lampe UV<\/li>\n<\/ul>\n<p>[\/vc_column_text][\/vc_tta_section][vc_tta_section i_icon_fontawesome=\u00a0\u00bbfa fa-cloud-download\u00a0\u00bb add_icon=\u00a0\u00bbtrue\u00a0\u00bb title=\u00a0\u00bbT\u00e9l\u00e9chargements\u00a0\u00bb tab_id=\u00a0\u00bb1464084553773-cb9622c6-62f8&Prime;][vc_row_inner equal_height=\u00a0\u00bbyes\u00a0\u00bb][vc_column_inner width=\u00a0\u00bb1\/6&Prime;]<div class=\"text-centered\"><a href=\"#\" class=\"btn-shortcode dt-btn-s dt-btn default-btn-color default-btn-hover-color default-btn-bg-color default-btn-bg-hover-color fadeInDownBig animate-element animation-builder\" target=\"_blank\" id=\"dt-btn-1\" rel=\"noopener\"><i class=\"fa fa-cloud-download\"><\/i><span>T\u00e9l\u00e9charger<\/span><\/a><\/div><div class=\"ult-spacer spacer-69d14e5da7c49\" data-id=\"69d14e5da7c49\" data-height=\"15\" data-height-mobile=\"15\" data-height-tab=\"15\" data-height-tab-portrait=\"\" data-height-mobile-landscape=\"\" style=\"clear:both;display:block;\"><\/div><div class=\"text-centered\"><a href=\"#\" class=\"btn-shortcode dt-btn-s dt-btn default-btn-color default-btn-hover-color default-btn-bg-color default-btn-bg-hover-color fadeInDownBig animate-element animation-builder\" target=\"_blank\" id=\"dt-btn-2\" rel=\"noopener\"><i class=\"fa fa-cloud-download\"><\/i><span>T\u00e9l\u00e9charger<\/span><\/a><\/div>[\/vc_column_inner][vc_column_inner width=\u00a0\u00bb5\/6&Prime;][vc_column_text css_animation=\u00a0\u00bbfadeInDownBig\u00a0\u00bb css=\u00a0\u00bb\u00a0\u00bb]<\/p>\n<p class=\"p1\">Brochure<\/p>\n<p>[\/vc_column_text][vc_column_text css_animation=\u00a0\u00bbfadeInDownBig\u00a0\u00bb css=\u00a0\u00bb\u00a0\u00bb]<\/p>\n<p class=\"p1\">Fiche technique<\/p>\n<p>[\/vc_column_text][vc_column_text css_animation=\u00a0\u00bbfadeInDownBig\u00a0\u00bb]<\/p>\n<p>[\/vc_column_text][\/vc_column_inner][\/vc_row_inner][\/vc_tta_section][\/vc_tta_tabs][\/vc_column][\/vc_row]<\/p>\n<\/div>","protected":false},"excerpt":{"rendered":"<p>La s\u00e9rie WATER-PRO se base sur l\u2019utilisation de la pompe ST-18 avec <strong>technologie c\u00e9ramique<\/strong>, offre des solutions pour les productions de 60 \u00e0 90 l\/h, aussi bien dans les configurations modulaires que compactes, mod\u00e8les BASIC, sans \u00e9lectronique, ou STANDARD avec \u00e9lectronique disponible en 12, 24 et <strong>48 V<\/strong> en courant continu (CC), et \u00e0 220 V en courant alternatif (CA).<\/p>\n<p>Notre technologie est brevet\u00e9e; gr\u00e2ce \u00e0 la <strong>r\u00e9cup\u00e9ration d\u2019\u00e9nergie<\/strong>, on peut<strong>\u00a0\u00e9conomiser jusqu\u2019\u00e0 80 % d\u2019\u00e9lectricit\u00e9<\/strong> \u00e0 bord.<\/p>\n<p>Cette s\u00e9rie compact et flexible offre des fonctions avanc\u00e9es pour un maximum de confort \u00e0 bord.<\/p>\n[dt_button link=\"https:\/\/eco-sistems.com\/fr\/contacte\/\" target_blank=\"false\" button_alignment=\"default\" animation=\"fadeIn\" size=\"medium\" style=\"default\" bg_color_style=\"default\" bg_hover_color_style=\"default\" text_color_style=\"default\" text_hover_color_style=\"default\" icon=\"fa fa-chevron-circle-right\" icon_align=\"left\"]Demander un devis[\/dt_button]\n","protected":false},"featured_media":49122,"comment_status":"closed","ping_status":"closed","template":"","meta":[],"product_brand":[],"product_cat":[203,418,202],"product_tag":[],"class_list":{"0":"post-49380","1":"product","2":"type-product","3":"status-publish","4":"has-post-thumbnail","6":"product_cat-basic-fr","7":"product_cat-modular-90-litres","8":"product_cat-water-pro-fr","9":"description-off","11":"first","12":"instock","13":"taxable","14":"shipping-taxable","15":"product-type-simple"},"yoast_head":"<!-- This site is optimized with the Yoast SEO plugin v27.3 - https:\/\/yoast.com\/product\/yoast-seo-wordpress\/ -->\n<title>Watermaker\/Dessalinisateur d&#039;eau - 90 litres\/heure<\/title>\n<meta name=\"robots\" content=\"index, follow, max-snippet:-1, max-image-preview:large, max-video-preview:-1\" \/>\n<link rel=\"canonical\" href=\"https:\/\/eco-sistems.com\/fr\/producto\/water-pro-modular-b-90-2\/\" \/>\n<meta property=\"og:locale\" content=\"fr_FR\" \/>\n<meta property=\"og:type\" content=\"article\" \/>\n<meta property=\"og:title\" content=\"Watermaker\/Dessalinisateur d&#039;eau - 90 litres\/heure\" \/>\n<meta property=\"og:description\" content=\"La s\u00e9rie WATER-PRO se base sur l\u2019utilisation de la pompe ST-18 avec technologie c\u00e9ramique, offre des solutions pour les productions de 60 \u00e0 90 l\/h, aussi bien dans les configurations modulaires que compactes, mod\u00e8les BASIC, sans \u00e9lectronique, ou STANDARD avec \u00e9lectronique disponible en 12, 24 et 48 V en courant continu (CC), et \u00e0 220 V en courant alternatif (CA).  Notre technologie est brevet\u00e9e; gr\u00e2ce \u00e0 la r\u00e9cup\u00e9ration d\u2019\u00e9nergie, on peut\u00a0\u00e9conomiser jusqu\u2019\u00e0 80 % d\u2019\u00e9lectricit\u00e9 \u00e0 bord.  Cette s\u00e9rie compact et flexible offre des fonctions avanc\u00e9es pour un maximum de confort \u00e0 bord.\" \/>\n<meta property=\"og:url\" content=\"https:\/\/eco-sistems.com\/fr\/producto\/water-pro-modular-b-90-2\/\" \/>\n<meta property=\"og:site_name\" content=\"Eco-Sistems\" \/>\n<meta property=\"article:publisher\" content=\"https:\/\/www.facebook.com\/watermaker.eco\/\" \/>\n<meta property=\"article:modified_time\" content=\"2026-03-25T14:38:14+00:00\" \/>\n<meta property=\"og:image\" content=\"https:\/\/eco-sistems.com\/wp-content\/uploads\/2026\/02\/Water-pro-B-60.webp\" \/>\n\t<meta property=\"og:image:width\" content=\"6000\" \/>\n\t<meta property=\"og:image:height\" content=\"4000\" \/>\n\t<meta property=\"og:image:type\" content=\"image\/webp\" \/>\n<meta name=\"twitter:card\" content=\"summary_large_image\" \/>\n<meta name=\"twitter:label1\" content=\"Dur\u00e9e de lecture estim\u00e9e\" \/>\n\t<meta name=\"twitter:data1\" content=\"1 minute\" \/>\n<script type=\"application\/ld+json\" class=\"yoast-schema-graph\">{\"@context\":\"https:\\\/\\\/schema.org\",\"@graph\":[{\"@type\":\"WebPage\",\"@id\":\"https:\\\/\\\/eco-sistems.com\\\/fr\\\/producto\\\/water-pro-modular-b-90-2\\\/\",\"url\":\"https:\\\/\\\/eco-sistems.com\\\/fr\\\/producto\\\/water-pro-modular-b-90-2\\\/\",\"name\":\"Watermaker\\\/Dessalinisateur d'eau - 90 litres\\\/heure\",\"isPartOf\":{\"@id\":\"https:\\\/\\\/eco-sistems.com\\\/fr\\\/#website\"},\"primaryImageOfPage\":{\"@id\":\"https:\\\/\\\/eco-sistems.com\\\/fr\\\/producto\\\/water-pro-modular-b-90-2\\\/#primaryimage\"},\"image\":{\"@id\":\"https:\\\/\\\/eco-sistems.com\\\/fr\\\/producto\\\/water-pro-modular-b-90-2\\\/#primaryimage\"},\"thumbnailUrl\":\"https:\\\/\\\/eco-sistems.com\\\/wp-content\\\/uploads\\\/2026\\\/02\\\/Water-pro-B-60.webp\",\"datePublished\":\"2026-03-24T13:08:14+00:00\",\"dateModified\":\"2026-03-25T14:38:14+00:00\",\"breadcrumb\":{\"@id\":\"https:\\\/\\\/eco-sistems.com\\\/fr\\\/producto\\\/water-pro-modular-b-90-2\\\/#breadcrumb\"},\"inLanguage\":\"fr-FR\",\"potentialAction\":[{\"@type\":\"ReadAction\",\"target\":[\"https:\\\/\\\/eco-sistems.com\\\/fr\\\/producto\\\/water-pro-modular-b-90-2\\\/\"]}]},{\"@type\":\"ImageObject\",\"inLanguage\":\"fr-FR\",\"@id\":\"https:\\\/\\\/eco-sistems.com\\\/fr\\\/producto\\\/water-pro-modular-b-90-2\\\/#primaryimage\",\"url\":\"https:\\\/\\\/eco-sistems.com\\\/wp-content\\\/uploads\\\/2026\\\/02\\\/Water-pro-B-60.webp\",\"contentUrl\":\"https:\\\/\\\/eco-sistems.com\\\/wp-content\\\/uploads\\\/2026\\\/02\\\/Water-pro-B-60.webp\",\"width\":6000,\"height\":4000},{\"@type\":\"BreadcrumbList\",\"@id\":\"https:\\\/\\\/eco-sistems.com\\\/fr\\\/producto\\\/water-pro-modular-b-90-2\\\/#breadcrumb\",\"itemListElement\":[{\"@type\":\"ListItem\",\"position\":1,\"name\":\"Portada\",\"item\":\"https:\\\/\\\/eco-sistems.com\\\/fr\\\/\"},{\"@type\":\"ListItem\",\"position\":2,\"name\":\"Produits Eco-Sistems Watermakers\",\"item\":\"https:\\\/\\\/eco-sistems.com\\\/fr\\\/dessalinisateur-de-leau\\\/\"},{\"@type\":\"ListItem\",\"position\":3,\"name\":\"WATER-PRO MODULAR B-90\"}]},{\"@type\":\"WebSite\",\"@id\":\"https:\\\/\\\/eco-sistems.com\\\/fr\\\/#website\",\"url\":\"https:\\\/\\\/eco-sistems.com\\\/fr\\\/\",\"name\":\"Eco-Sistems\",\"description\":\"Eco-Sistems Watermakers\",\"potentialAction\":[{\"@type\":\"SearchAction\",\"target\":{\"@type\":\"EntryPoint\",\"urlTemplate\":\"https:\\\/\\\/eco-sistems.com\\\/fr\\\/?s={search_term_string}\"},\"query-input\":{\"@type\":\"PropertyValueSpecification\",\"valueRequired\":true,\"valueName\":\"search_term_string\"}}],\"inLanguage\":\"fr-FR\"}]}<\/script>\n<!-- \/ Yoast SEO plugin. -->","yoast_head_json":{"title":"Watermaker\/Dessalinisateur d'eau - 90 litres\/heure","robots":{"index":"index","follow":"follow","max-snippet":"max-snippet:-1","max-image-preview":"max-image-preview:large","max-video-preview":"max-video-preview:-1"},"canonical":"https:\/\/eco-sistems.com\/fr\/producto\/water-pro-modular-b-90-2\/","og_locale":"fr_FR","og_type":"article","og_title":"Watermaker\/Dessalinisateur d'eau - 90 litres\/heure","og_description":"La s\u00e9rie WATER-PRO se base sur l\u2019utilisation de la pompe ST-18 avec technologie c\u00e9ramique, offre des solutions pour les productions de 60 \u00e0 90 l\/h, aussi bien dans les configurations modulaires que compactes, mod\u00e8les BASIC, sans \u00e9lectronique, ou STANDARD avec \u00e9lectronique disponible en 12, 24 et 48 V en courant continu (CC), et \u00e0 220 V en courant alternatif (CA).  Notre technologie est brevet\u00e9e; gr\u00e2ce \u00e0 la r\u00e9cup\u00e9ration d\u2019\u00e9nergie, on peut\u00a0\u00e9conomiser jusqu\u2019\u00e0 80 % d\u2019\u00e9lectricit\u00e9 \u00e0 bord.  Cette s\u00e9rie compact et flexible offre des fonctions avanc\u00e9es pour un maximum de confort \u00e0 bord.","og_url":"https:\/\/eco-sistems.com\/fr\/producto\/water-pro-modular-b-90-2\/","og_site_name":"Eco-Sistems","article_publisher":"https:\/\/www.facebook.com\/watermaker.eco\/","article_modified_time":"2026-03-25T14:38:14+00:00","og_image":[{"width":6000,"height":4000,"url":"https:\/\/eco-sistems.com\/wp-content\/uploads\/2026\/02\/Water-pro-B-60.webp","type":"image\/webp"}],"twitter_card":"summary_large_image","twitter_misc":{"Dur\u00e9e de lecture estim\u00e9e":"1 minute"},"schema":{"@context":"https:\/\/schema.org","@graph":[{"@type":"WebPage","@id":"https:\/\/eco-sistems.com\/fr\/producto\/water-pro-modular-b-90-2\/","url":"https:\/\/eco-sistems.com\/fr\/producto\/water-pro-modular-b-90-2\/","name":"Watermaker\/Dessalinisateur d'eau - 90 litres\/heure","isPartOf":{"@id":"https:\/\/eco-sistems.com\/fr\/#website"},"primaryImageOfPage":{"@id":"https:\/\/eco-sistems.com\/fr\/producto\/water-pro-modular-b-90-2\/#primaryimage"},"image":{"@id":"https:\/\/eco-sistems.com\/fr\/producto\/water-pro-modular-b-90-2\/#primaryimage"},"thumbnailUrl":"https:\/\/eco-sistems.com\/wp-content\/uploads\/2026\/02\/Water-pro-B-60.webp","datePublished":"2026-03-24T13:08:14+00:00","dateModified":"2026-03-25T14:38:14+00:00","breadcrumb":{"@id":"https:\/\/eco-sistems.com\/fr\/producto\/water-pro-modular-b-90-2\/#breadcrumb"},"inLanguage":"fr-FR","potentialAction":[{"@type":"ReadAction","target":["https:\/\/eco-sistems.com\/fr\/producto\/water-pro-modular-b-90-2\/"]}]},{"@type":"ImageObject","inLanguage":"fr-FR","@id":"https:\/\/eco-sistems.com\/fr\/producto\/water-pro-modular-b-90-2\/#primaryimage","url":"https:\/\/eco-sistems.com\/wp-content\/uploads\/2026\/02\/Water-pro-B-60.webp","contentUrl":"https:\/\/eco-sistems.com\/wp-content\/uploads\/2026\/02\/Water-pro-B-60.webp","width":6000,"height":4000},{"@type":"BreadcrumbList","@id":"https:\/\/eco-sistems.com\/fr\/producto\/water-pro-modular-b-90-2\/#breadcrumb","itemListElement":[{"@type":"ListItem","position":1,"name":"Portada","item":"https:\/\/eco-sistems.com\/fr\/"},{"@type":"ListItem","position":2,"name":"Produits Eco-Sistems Watermakers","item":"https:\/\/eco-sistems.com\/fr\/dessalinisateur-de-leau\/"},{"@type":"ListItem","position":3,"name":"WATER-PRO MODULAR B-90"}]},{"@type":"WebSite","@id":"https:\/\/eco-sistems.com\/fr\/#website","url":"https:\/\/eco-sistems.com\/fr\/","name":"Eco-Sistems","description":"Eco-Sistems Watermakers","potentialAction":[{"@type":"SearchAction","target":{"@type":"EntryPoint","urlTemplate":"https:\/\/eco-sistems.com\/fr\/?s={search_term_string}"},"query-input":{"@type":"PropertyValueSpecification","valueRequired":true,"valueName":"search_term_string"}}],"inLanguage":"fr-FR"}]}},"_links":{"self":[{"href":"https:\/\/eco-sistems.com\/fr\/wp-json\/wp\/v2\/product\/49380","targetHints":{"allow":["GET"]}}],"collection":[{"href":"https:\/\/eco-sistems.com\/fr\/wp-json\/wp\/v2\/product"}],"about":[{"href":"https:\/\/eco-sistems.com\/fr\/wp-json\/wp\/v2\/types\/product"}],"replies":[{"embeddable":true,"href":"https:\/\/eco-sistems.com\/fr\/wp-json\/wp\/v2\/comments?post=49380"}],"wp:featuredmedia":[{"embeddable":true,"href":"https:\/\/eco-sistems.com\/fr\/wp-json\/wp\/v2\/media\/49122"}],"wp:attachment":[{"href":"https:\/\/eco-sistems.com\/fr\/wp-json\/wp\/v2\/media?parent=49380"}],"wp:term":[{"taxonomy":"product_brand","embeddable":true,"href":"https:\/\/eco-sistems.com\/fr\/wp-json\/wp\/v2\/product_brand?post=49380"},{"taxonomy":"product_cat","embeddable":true,"href":"https:\/\/eco-sistems.com\/fr\/wp-json\/wp\/v2\/product_cat?post=49380"},{"taxonomy":"product_tag","embeddable":true,"href":"https:\/\/eco-sistems.com\/fr\/wp-json\/wp\/v2\/product_tag?post=49380"}],"curies":[{"name":"wp","href":"https:\/\/api.w.org\/{rel}","templated":true}]}}