{"id":49386,"date":"2026-03-24T15:44:01","date_gmt":"2026-03-24T14:44:01","guid":{"rendered":"https:\/\/eco-sistems.com\/?post_type=product&#038;p=49386"},"modified":"2026-03-25T15:38:15","modified_gmt":"2026-03-25T14:38:15","slug":"water-pro-compact-se-240-2","status":"publish","type":"product","link":"https:\/\/eco-sistems.com\/fr\/producto\/water-pro-compact-se-240-2\/","title":{"rendered":"EFFICIENT SE-240"},"content":{"rendered":"<div class=\"wpb-content-wrapper\"><p>[vc_row][vc_column][vc_tta_tabs style=\u00a0\u00bbmodern\u00a0\u00bb color=\u00a0\u00bbwhite\u00a0\u00bb spacing=\u00a0\u00bb\u00a0\u00bb gap=\u00a0\u00bb25&Prime; active_section=\u00a0\u00bb1&Prime; no_fill_content_area=\u00a0\u00bbtrue\u00a0\u00bb][vc_tta_section i_icon_fontawesome=\u00a0\u00bbfa fa-star\u00a0\u00bb add_icon=\u00a0\u00bbtrue\u00a0\u00bb title=\u00a0\u00bbCaract\u00e9ristiques\u00a0\u00bb tab_id=\u00a0\u00bb1464005144724-88bf3f9f-ba54&Prime;][vc_row_inner][vc_column_inner width=\u00a0\u00bb1\/3&Prime;]<div class=\"uavc-list-icon uavc-list-icon-wrapper ult-adjust-bottom-margin   \"><ul class=\"uavc-list\"><li><div class=\"uavc-list-content\" id=\"list-icon-wrap-2577\">\n<div class=\"uavc-list-icon  \" data-animation=\"\" data-animation-delay=\"03\" style=\"margin-right:15px;\"><div class=\"ult-just-icon-wrapper  \"><div class=\"align-icon\" style=\"text-align:center;\">\n<div class=\"aio-icon-img \" style=\"font-size:50px;display:inline-block;\" >\n\t<img decoding=\"async\" class=\"img-icon\" alt=\"null\" src=\"https:\/\/eco-sistems.com\/wp-content\/uploads\/2016\/05\/Icon_litros.png\"\/>\n<\/div><\/div><\/div>\n<\/div><span  data-ultimate-target='#list-icon-wrap-2577 .uavc-list-desc'  data-responsive-json-new='{\"font-size\":\"\",\"line-height\":\"\"}'  class=\"uavc-list-desc ult-responsive\" style=\"\"><span class=\"s1\" style=\"color: #10a6de;\">Production<\/span> 240 l. \/ heure<\/span><\/div><\/li><\/ul><\/div><div class=\"uavc-list-icon uavc-list-icon-wrapper ult-adjust-bottom-margin   \"><ul class=\"uavc-list\"><li><div class=\"uavc-list-content\" id=\"list-icon-wrap-4530\">\n<div class=\"uavc-list-icon  \" data-animation=\"\" data-animation-delay=\"03\" style=\"margin-right:15px;\"><div class=\"ult-just-icon-wrapper  \"><div class=\"align-icon\" style=\"text-align:center;\">\n<div class=\"aio-icon-img \" style=\"font-size:50px;display:inline-block;\" >\n\t<img decoding=\"async\" class=\"img-icon\" alt=\"null\" src=\"https:\/\/eco-sistems.com\/wp-content\/uploads\/2016\/05\/Icon_voltaje.png\"\/>\n<\/div><\/div><\/div>\n<\/div><span  data-ultimate-target='#list-icon-wrap-4530 .uavc-list-desc'  data-responsive-json-new='{\"font-size\":\"\",\"line-height\":\"\"}'  class=\"uavc-list-desc ult-responsive\" style=\"\"><span class=\"s1\" style=\"color: #10a6de;\">Alimentation<\/span><\/p>\n<p>48 V DC<\/p>\n<p>220 V | 380 V AC<\/span><\/div><\/li><\/ul><\/div>[\/vc_column_inner][vc_column_inner][\/vc_column_inner][\/vc_row_inner][\/vc_tta_section][vc_tta_section i_icon_fontawesome=\u00a0\u00bbfa fa-eye\u00a0\u00bb add_icon=\u00a0\u00bbtrue\u00a0\u00bb title=\u00a0\u00bbPlus d&rsquo;informations\u00a0\u00bb tab_id=\u00a0\u00bb1464005144757-ef988f53-bd53&Prime;][vc_column_text css_animation=\u00a0\u00bbfadeInDownBig\u00a0\u00bb css=\u00a0\u00bb\u00a0\u00bb]<\/p>\n<ul>\n<li>Pompe \u00e0 r\u00e9cup\u00e9ration d&rsquo;\u00e9nergie \u2013 80% d\u2019\u00e9conomie<\/li>\n<li>R\u00e9gulation automatique des pressions<\/li>\n<li>Fonctionnement autor\u00e9gul\u00e9<\/li>\n<li>Production 240 l\/h<\/li>\n<li>\u00c9cran tactile<\/li>\n<li>Contr\u00f4le de salinit\u00e9<\/li>\n<li>Rin\u00e7age automatique<\/li>\n<li>Temps de fonctionnement programmable<\/li>\n<li>Courant continu (CC) 48 V<\/li>\n<li>Courant alternatif (CA) 220 V &#8211; 380 V<\/li>\n<li>Moteur brushless (CC)<\/li>\n<li>Fabriqu\u00e9e en Inox Duplex et Super Duplex<\/li>\n<li>Facile \u00e0 installer<\/li>\n<\/ul>\n<p>[\/vc_column_text][\/vc_tta_section][vc_tta_section title=\u00a0\u00bbOptions\u00a0\u00bb tab_id=\u00a0\u00bb1774355997686-6a0ec96e-6dfb\u00a0\u00bb][vc_column_text css=\u00a0\u00bb\u00a0\u00bb]<\/p>\n<ul>\n<li>Commande \u00e0 distance<\/li>\n<li>Kit de maintenance<\/li>\n<li>Vanne 3 voies production<\/li>\n<li>Vannes 3 voies hivernage<\/li>\n<li>Filtre r\u00e9min\u00e9ralisateur<\/li>\n<li>Lampe UV<\/li>\n<\/ul>\n<p>[\/vc_column_text][\/vc_tta_section][vc_tta_section title=\u00a0\u00bbT\u00e9l\u00e9chargements\u00a0\u00bb tab_id=\u00a0\u00bb1485162366714-a22d5a73-2f41&Prime;][vc_row_inner][vc_column_inner width=\u00a0\u00bb1\/6&Prime;]<div class=\"text-centered\"><a href=\"https:\/\/eco-sistems.com\/wp-content\/uploads\/2026\/03\/EFFICIENT-FRANCAIS.pdf\" class=\"btn-shortcode dt-btn-s dt-btn default-btn-color default-btn-hover-color default-btn-bg-color default-btn-bg-hover-color fadeInDownBig animate-element animation-builder\" target=\"_blank\" id=\"dt-btn-1\" rel=\"noopener\"><i class=\"fa fa-cloud-download\"><\/i><span>T\u00e9l\u00e9charger<\/span><\/a><\/div><div class=\"ult-spacer spacer-69ed6103e1475\" data-id=\"69ed6103e1475\" data-height=\"15\" data-height-mobile=\"15\" data-height-tab=\"15\" data-height-tab-portrait=\"\" data-height-mobile-landscape=\"\" style=\"clear:both;display:block;\"><\/div><div class=\"text-centered\"><a href=\"https:\/\/eco-sistems.com\/wp-content\/uploads\/2026\/03\/EFFICIENT-FRANCAIS.pdf\" class=\"btn-shortcode dt-btn-s dt-btn default-btn-color default-btn-hover-color default-btn-bg-color default-btn-bg-hover-color fadeInDownBig animate-element animation-builder\" target=\"_blank\" id=\"dt-btn-2\" rel=\"noopener\"><i class=\"fa fa-cloud-download\"><\/i><span>T\u00e9l\u00e9charger<\/span><\/a><\/div>[\/vc_column_inner][vc_column_inner width=\u00a0\u00bb5\/6&Prime;][vc_column_text css_animation=\u00a0\u00bbfadeInDownBig\u00a0\u00bb css=\u00a0\u00bb\u00a0\u00bb]Brochure[\/vc_column_text][vc_column_text css_animation=\u00a0\u00bbfadeInDownBig\u00a0\u00bb css=\u00a0\u00bb\u00a0\u00bb]Fiche technique[\/vc_column_text][\/vc_column_inner][\/vc_row_inner][\/vc_tta_section][\/vc_tta_tabs][\/vc_column][\/vc_row]<\/p>\n<\/div>","protected":false},"excerpt":{"rendered":"<p>La s\u00e9rie EFFICIENT utilise une <strong>pompe rotative brevet\u00e9e \u00e0 r\u00e9cup\u00e9ration d&rsquo;\u00e9nergie <\/strong>qui r\u00e9duit consid\u00e9rablement la consommation \u00e9lectrique afin d&rsquo;obtenir des productions de 200 \u00e0 300 l\/h. Cette gamme a un fonctionnement automatique ; \u00e0 travers de plusieurs capteurs, elle<strong> s&rsquo;auto-r\u00e9gule pour une production optimale<\/strong>. L&rsquo;\u00e9cran tactile apporte un suivi de tous les param\u00e8tres n\u00e9cessaires pour effectuer une analyse compl\u00e8te de son fonctionnement.<\/p>\n<p>Cette gamme propose deux mod\u00e8les compacts de 200 l\/h et 300 l\/h et un mod\u00e8le modulaire de 240 l\/h, disponible en 48 \/ 220 et 380 V.<\/p>\n<p>Une gamme sophistiqu\u00e9e qui combine technologie et design.<\/p>\n[dt_button link=\"https:\/\/eco-sistems.com\/fr\/contacte\/\" target_blank=\"false\" button_alignment=\"default\" animation=\"fadeIn\" size=\"medium\" style=\"default\" bg_color_style=\"default\" bg_hover_color_style=\"default\" text_color_style=\"default\" text_hover_color_style=\"default\" icon=\"fa fa-chevron-circle-right\" icon_align=\"left\"]Demander devis[\/dt_button]\n","protected":false},"featured_media":49300,"comment_status":"closed","ping_status":"closed","template":"","meta":[],"product_brand":[],"product_cat":[213,419],"product_tag":[],"class_list":{"0":"post-49386","1":"product","2":"type-product","3":"status-publish","4":"has-post-thumbnail","6":"product_cat-efficient","7":"product_cat-efficient-modulaire-240-litres","8":"description-off","10":"first","11":"instock","12":"taxable","13":"shipping-taxable","14":"product-type-simple"},"yoast_head":"<!-- This site is optimized with the Yoast SEO plugin v27.4 - https:\/\/yoast.com\/product\/yoast-seo-wordpress\/ -->\n<title>Watermaker\/Dessalinisateur d&#039;eau - 240 litres\/heure<\/title>\n<meta name=\"robots\" content=\"index, follow, max-snippet:-1, max-image-preview:large, max-video-preview:-1\" \/>\n<link rel=\"canonical\" href=\"https:\/\/eco-sistems.com\/fr\/producto\/water-pro-compact-se-240-2\/\" \/>\n<meta property=\"og:locale\" content=\"fr_FR\" \/>\n<meta property=\"og:type\" content=\"article\" \/>\n<meta property=\"og:title\" content=\"Watermaker\/Dessalinisateur d&#039;eau - 240 litres\/heure\" \/>\n<meta property=\"og:description\" content=\"La s\u00e9rie EFFICIENT utilise une pompe rotative brevet\u00e9e \u00e0 r\u00e9cup\u00e9ration d&#039;\u00e9nergie qui r\u00e9duit consid\u00e9rablement la consommation \u00e9lectrique afin d&#039;obtenir des productions de 200 \u00e0 300 l\/h. Cette gamme a un fonctionnement automatique ; \u00e0 travers de plusieurs capteurs, elle s&#039;auto-r\u00e9gule pour une production optimale. L&#039;\u00e9cran tactile apporte un suivi de tous les param\u00e8tres n\u00e9cessaires pour effectuer une analyse compl\u00e8te de son fonctionnement.  Cette gamme propose deux mod\u00e8les compacts de 200 l\/h et 300 l\/h et un mod\u00e8le modulaire de 240 l\/h, disponible en 48 \/ 220 et 380 V.  Une gamme sophistiqu\u00e9e qui combine technologie et design.\" \/>\n<meta property=\"og:url\" content=\"https:\/\/eco-sistems.com\/fr\/producto\/water-pro-compact-se-240-2\/\" \/>\n<meta property=\"og:site_name\" content=\"Eco-Sistems\" \/>\n<meta property=\"article:publisher\" content=\"https:\/\/www.facebook.com\/watermaker.eco\/\" \/>\n<meta property=\"article:modified_time\" content=\"2026-03-25T14:38:15+00:00\" \/>\n<meta property=\"og:image\" content=\"https:\/\/eco-sistems.com\/wp-content\/uploads\/2026\/03\/Efficient-SE240-modular-1024x683.webp\" \/>\n\t<meta property=\"og:image:width\" content=\"1024\" \/>\n\t<meta property=\"og:image:height\" content=\"683\" \/>\n\t<meta property=\"og:image:type\" content=\"image\/webp\" \/>\n<meta name=\"twitter:card\" content=\"summary_large_image\" \/>\n<meta name=\"twitter:label1\" content=\"Dur\u00e9e de lecture estim\u00e9e\" \/>\n\t<meta name=\"twitter:data1\" content=\"1 minute\" \/>\n<script type=\"application\/ld+json\" class=\"yoast-schema-graph\">{\"@context\":\"https:\\\/\\\/schema.org\",\"@graph\":[{\"@type\":\"WebPage\",\"@id\":\"https:\\\/\\\/eco-sistems.com\\\/fr\\\/producto\\\/water-pro-compact-se-240-2\\\/\",\"url\":\"https:\\\/\\\/eco-sistems.com\\\/fr\\\/producto\\\/water-pro-compact-se-240-2\\\/\",\"name\":\"Watermaker\\\/Dessalinisateur d'eau - 240 litres\\\/heure\",\"isPartOf\":{\"@id\":\"https:\\\/\\\/eco-sistems.com\\\/fr\\\/#website\"},\"primaryImageOfPage\":{\"@id\":\"https:\\\/\\\/eco-sistems.com\\\/fr\\\/producto\\\/water-pro-compact-se-240-2\\\/#primaryimage\"},\"image\":{\"@id\":\"https:\\\/\\\/eco-sistems.com\\\/fr\\\/producto\\\/water-pro-compact-se-240-2\\\/#primaryimage\"},\"thumbnailUrl\":\"https:\\\/\\\/eco-sistems.com\\\/wp-content\\\/uploads\\\/2026\\\/03\\\/Efficient-SE240-modular.webp\",\"datePublished\":\"2026-03-24T14:44:01+00:00\",\"dateModified\":\"2026-03-25T14:38:15+00:00\",\"breadcrumb\":{\"@id\":\"https:\\\/\\\/eco-sistems.com\\\/fr\\\/producto\\\/water-pro-compact-se-240-2\\\/#breadcrumb\"},\"inLanguage\":\"fr-FR\",\"potentialAction\":[{\"@type\":\"ReadAction\",\"target\":[\"https:\\\/\\\/eco-sistems.com\\\/fr\\\/producto\\\/water-pro-compact-se-240-2\\\/\"]}]},{\"@type\":\"ImageObject\",\"inLanguage\":\"fr-FR\",\"@id\":\"https:\\\/\\\/eco-sistems.com\\\/fr\\\/producto\\\/water-pro-compact-se-240-2\\\/#primaryimage\",\"url\":\"https:\\\/\\\/eco-sistems.com\\\/wp-content\\\/uploads\\\/2026\\\/03\\\/Efficient-SE240-modular.webp\",\"contentUrl\":\"https:\\\/\\\/eco-sistems.com\\\/wp-content\\\/uploads\\\/2026\\\/03\\\/Efficient-SE240-modular.webp\",\"width\":6707,\"height\":4471},{\"@type\":\"BreadcrumbList\",\"@id\":\"https:\\\/\\\/eco-sistems.com\\\/fr\\\/producto\\\/water-pro-compact-se-240-2\\\/#breadcrumb\",\"itemListElement\":[{\"@type\":\"ListItem\",\"position\":1,\"name\":\"Portada\",\"item\":\"https:\\\/\\\/eco-sistems.com\\\/fr\\\/\"},{\"@type\":\"ListItem\",\"position\":2,\"name\":\"Produits Eco-Sistems Watermakers\",\"item\":\"https:\\\/\\\/eco-sistems.com\\\/fr\\\/dessalinisateur-de-leau\\\/\"},{\"@type\":\"ListItem\",\"position\":3,\"name\":\"EFFICIENT SE-240\"}]},{\"@type\":\"WebSite\",\"@id\":\"https:\\\/\\\/eco-sistems.com\\\/fr\\\/#website\",\"url\":\"https:\\\/\\\/eco-sistems.com\\\/fr\\\/\",\"name\":\"Eco-Sistems\",\"description\":\"Eco-Sistems Watermakers\",\"potentialAction\":[{\"@type\":\"SearchAction\",\"target\":{\"@type\":\"EntryPoint\",\"urlTemplate\":\"https:\\\/\\\/eco-sistems.com\\\/fr\\\/?s={search_term_string}\"},\"query-input\":{\"@type\":\"PropertyValueSpecification\",\"valueRequired\":true,\"valueName\":\"search_term_string\"}}],\"inLanguage\":\"fr-FR\"}]}<\/script>\n<!-- \/ Yoast SEO plugin. -->","yoast_head_json":{"title":"Watermaker\/Dessalinisateur d'eau - 240 litres\/heure","robots":{"index":"index","follow":"follow","max-snippet":"max-snippet:-1","max-image-preview":"max-image-preview:large","max-video-preview":"max-video-preview:-1"},"canonical":"https:\/\/eco-sistems.com\/fr\/producto\/water-pro-compact-se-240-2\/","og_locale":"fr_FR","og_type":"article","og_title":"Watermaker\/Dessalinisateur d'eau - 240 litres\/heure","og_description":"La s\u00e9rie EFFICIENT utilise une pompe rotative brevet\u00e9e \u00e0 r\u00e9cup\u00e9ration d'\u00e9nergie qui r\u00e9duit consid\u00e9rablement la consommation \u00e9lectrique afin d'obtenir des productions de 200 \u00e0 300 l\/h. Cette gamme a un fonctionnement automatique ; \u00e0 travers de plusieurs capteurs, elle s'auto-r\u00e9gule pour une production optimale. L'\u00e9cran tactile apporte un suivi de tous les param\u00e8tres n\u00e9cessaires pour effectuer une analyse compl\u00e8te de son fonctionnement.  Cette gamme propose deux mod\u00e8les compacts de 200 l\/h et 300 l\/h et un mod\u00e8le modulaire de 240 l\/h, disponible en 48 \/ 220 et 380 V.  Une gamme sophistiqu\u00e9e qui combine technologie et design.","og_url":"https:\/\/eco-sistems.com\/fr\/producto\/water-pro-compact-se-240-2\/","og_site_name":"Eco-Sistems","article_publisher":"https:\/\/www.facebook.com\/watermaker.eco\/","article_modified_time":"2026-03-25T14:38:15+00:00","og_image":[{"width":1024,"height":683,"url":"https:\/\/eco-sistems.com\/wp-content\/uploads\/2026\/03\/Efficient-SE240-modular-1024x683.webp","type":"image\/webp"}],"twitter_card":"summary_large_image","twitter_misc":{"Dur\u00e9e de lecture estim\u00e9e":"1 minute"},"schema":{"@context":"https:\/\/schema.org","@graph":[{"@type":"WebPage","@id":"https:\/\/eco-sistems.com\/fr\/producto\/water-pro-compact-se-240-2\/","url":"https:\/\/eco-sistems.com\/fr\/producto\/water-pro-compact-se-240-2\/","name":"Watermaker\/Dessalinisateur d'eau - 240 litres\/heure","isPartOf":{"@id":"https:\/\/eco-sistems.com\/fr\/#website"},"primaryImageOfPage":{"@id":"https:\/\/eco-sistems.com\/fr\/producto\/water-pro-compact-se-240-2\/#primaryimage"},"image":{"@id":"https:\/\/eco-sistems.com\/fr\/producto\/water-pro-compact-se-240-2\/#primaryimage"},"thumbnailUrl":"https:\/\/eco-sistems.com\/wp-content\/uploads\/2026\/03\/Efficient-SE240-modular.webp","datePublished":"2026-03-24T14:44:01+00:00","dateModified":"2026-03-25T14:38:15+00:00","breadcrumb":{"@id":"https:\/\/eco-sistems.com\/fr\/producto\/water-pro-compact-se-240-2\/#breadcrumb"},"inLanguage":"fr-FR","potentialAction":[{"@type":"ReadAction","target":["https:\/\/eco-sistems.com\/fr\/producto\/water-pro-compact-se-240-2\/"]}]},{"@type":"ImageObject","inLanguage":"fr-FR","@id":"https:\/\/eco-sistems.com\/fr\/producto\/water-pro-compact-se-240-2\/#primaryimage","url":"https:\/\/eco-sistems.com\/wp-content\/uploads\/2026\/03\/Efficient-SE240-modular.webp","contentUrl":"https:\/\/eco-sistems.com\/wp-content\/uploads\/2026\/03\/Efficient-SE240-modular.webp","width":6707,"height":4471},{"@type":"BreadcrumbList","@id":"https:\/\/eco-sistems.com\/fr\/producto\/water-pro-compact-se-240-2\/#breadcrumb","itemListElement":[{"@type":"ListItem","position":1,"name":"Portada","item":"https:\/\/eco-sistems.com\/fr\/"},{"@type":"ListItem","position":2,"name":"Produits Eco-Sistems Watermakers","item":"https:\/\/eco-sistems.com\/fr\/dessalinisateur-de-leau\/"},{"@type":"ListItem","position":3,"name":"EFFICIENT SE-240"}]},{"@type":"WebSite","@id":"https:\/\/eco-sistems.com\/fr\/#website","url":"https:\/\/eco-sistems.com\/fr\/","name":"Eco-Sistems","description":"Eco-Sistems Watermakers","potentialAction":[{"@type":"SearchAction","target":{"@type":"EntryPoint","urlTemplate":"https:\/\/eco-sistems.com\/fr\/?s={search_term_string}"},"query-input":{"@type":"PropertyValueSpecification","valueRequired":true,"valueName":"search_term_string"}}],"inLanguage":"fr-FR"}]}},"_links":{"self":[{"href":"https:\/\/eco-sistems.com\/fr\/wp-json\/wp\/v2\/product\/49386","targetHints":{"allow":["GET"]}}],"collection":[{"href":"https:\/\/eco-sistems.com\/fr\/wp-json\/wp\/v2\/product"}],"about":[{"href":"https:\/\/eco-sistems.com\/fr\/wp-json\/wp\/v2\/types\/product"}],"replies":[{"embeddable":true,"href":"https:\/\/eco-sistems.com\/fr\/wp-json\/wp\/v2\/comments?post=49386"}],"wp:featuredmedia":[{"embeddable":true,"href":"https:\/\/eco-sistems.com\/fr\/wp-json\/wp\/v2\/media\/49300"}],"wp:attachment":[{"href":"https:\/\/eco-sistems.com\/fr\/wp-json\/wp\/v2\/media?parent=49386"}],"wp:term":[{"taxonomy":"product_brand","embeddable":true,"href":"https:\/\/eco-sistems.com\/fr\/wp-json\/wp\/v2\/product_brand?post=49386"},{"taxonomy":"product_cat","embeddable":true,"href":"https:\/\/eco-sistems.com\/fr\/wp-json\/wp\/v2\/product_cat?post=49386"},{"taxonomy":"product_tag","embeddable":true,"href":"https:\/\/eco-sistems.com\/fr\/wp-json\/wp\/v2\/product_tag?post=49386"}],"curies":[{"name":"wp","href":"https:\/\/api.w.org\/{rel}","templated":true}]}}